{"id":1042,"date":"2020-03-20T15:21:31","date_gmt":"2020-03-20T18:21:31","guid":{"rendered":"http:\/\/fortflex.com.br\/loja\/?page_id=1042"},"modified":"2020-11-11T14:06:11","modified_gmt":"2020-11-11T17:06:11","slug":"como-comprar","status":"publish","type":"page","link":"https:\/\/fortflex.com.br\/loja\/como-comprar\/","title":{"rendered":"Como Comprar"},"content":{"rendered":"<h3><strong>COMO COMPRAR<\/strong><\/h3>\n<p><strong>1.<\/strong> Escolha o produto que deseja comprar.<br \/><strong>2.<\/strong> Clique no bot\u00e3o de &#8220;Comprar&#8221;. O seu produto ser\u00e1 adicionado ao carrinho e voc\u00ea poder\u00e1 seguir comprando, caso desejar.<br \/><strong>3.<\/strong> Voc\u00ea pode seguir agregando outros produtos ao carrinho ou, ent\u00e3o, clicar em &#8220;Finalizar Compra&#8221; e ap\u00f3s conferir seu pedido em &#8220;Fechar Compra&#8221;.<br \/><strong>4.<\/strong> Complete com seus dados de contato.<br \/><strong>5.<\/strong> Coloque o endere\u00e7o de onde voc\u00ea deseja receber o produto.<br \/><strong>6.<\/strong> Selecione a forma de frete que desejar. <em>\u2022 Os envios s\u00e3o feitos a partir de transportadoras.<\/em><br \/><strong>7.<\/strong> Escolha o meio de pagamento. Uma vez que voc\u00ea tenha escolhido o meio de pagamento, clique &#8220;Realizar Pagamento&#8221;.<br \/><strong>8.<\/strong> Finalmente na Confirma\u00e7\u00e3o da compra voc\u00ea pode revisar toda a informa\u00e7\u00e3o sobre a mesma, inclusive os seus dados. A seguir clique em &#8220;Continuar&#8221;.<br \/><strong>9.<\/strong> Voc\u00ea ser\u00e1 redirecionado para outra tela para que complete os dados sobre a forma de pagamento escolhida. Depois de confirmar a compra receber\u00e1 um e-mail da nossa parte, esse n\u00e3o ser\u00e1 um comprovante de pagamento.<br \/><strong>10.<\/strong> Uma vez creditado o pagamento, faremos o envio dos produtos que voc\u00ea comprou.<\/p>\n<h3><strong>IMPORTANTE<\/strong><\/h3>\n<p><strong>1.<\/strong> No caso de o cliente optar por n\u00e3o realizar o pagamento no momento da compra, o pedido ficar\u00e1 PENDENTE e as pe\u00e7as n\u00e3o ser\u00e3o reservadas, portanto n\u00e3o teremos como garantir a disponibilidade caso o pagamento n\u00e3o seja efetuado no momento do pedido.<br \/><strong>2.<\/strong> Caso haja algum problema com seu pagamento e voc\u00ea queira que a FORTFLEX.COM.BR reserve as pe\u00e7as para voc\u00ea at\u00e9 o pagamento ser efetuado, voc\u00ea dever\u00e1 fazer a solicita\u00e7\u00e3o atrav\u00e9s do nossos contatos.<br \/><strong>3.<\/strong> A EMPRESA ir\u00e1 confirmar a disponibilidade e as pe\u00e7as ser\u00e3o reservadas por no m\u00e1ximo 24h. Passadas as 24h sem que seja feito o pagamento, o pedido ser\u00e1 cancelado.<\/p>\n<h3><strong>QUAIS OS MEIOS DE PAGAMENTO ACEITOS PELA EMPRESA?<\/strong><\/h3>\n<p><strong>1.<\/strong> Cart\u00f5es de cr\u00e9dito;<br \/><strong>2.<\/strong> Boleto banc\u00e1rio;<\/p>\n<p><strong>Em caso de d\u00favidas, entre em contato com a gente!<\/strong><br \/><strong>Atrav\u00e9s da p\u00e1gina de contatos.<\/strong><\/p>\n","protected":false},"excerpt":{"rendered":"<p>COMO COMPRAR 1. Escolha o produto que deseja comprar.2. Clique no bot\u00e3o de &#8220;Comprar&#8221;. O seu produto ser\u00e1 adicionado ao carrinho e voc\u00ea poder\u00e1 seguir comprando, caso desejar.3. Voc\u00ea pode seguir agregando outros produtos ao carrinho ou, ent\u00e3o, clicar em &#8220;Finalizar Compra&#8221; e ap\u00f3s conferir seu pedido em &#8220;Fechar Compra&#8221;.4. Complete com seus dados de [&#8230;]\n","protected":false},"author":1,"featured_media":0,"parent":0,"menu_order":0,"comment_status":"closed","ping_status":"closed","template":"","meta":{"footnotes":""},"_links":{"self":[{"href":"https:\/\/fortflex.com.br\/loja\/wp-json\/wp\/v2\/pages\/1042"}],"collection":[{"href":"https:\/\/fortflex.com.br\/loja\/wp-json\/wp\/v2\/pages"}],"about":[{"href":"https:\/\/fortflex.com.br\/loja\/wp-json\/wp\/v2\/types\/page"}],"author":[{"embeddable":true,"href":"https:\/\/fortflex.com.br\/loja\/wp-json\/wp\/v2\/users\/1"}],"replies":[{"embeddable":true,"href":"https:\/\/fortflex.com.br\/loja\/wp-json\/wp\/v2\/comments?post=1042"}],"version-history":[{"count":4,"href":"https:\/\/fortflex.com.br\/loja\/wp-json\/wp\/v2\/pages\/1042\/revisions"}],"predecessor-version":[{"id":1577,"href":"https:\/\/fortflex.com.br\/loja\/wp-json\/wp\/v2\/pages\/1042\/revisions\/1577"}],"wp:attachment":[{"href":"https:\/\/fortflex.com.br\/loja\/wp-json\/wp\/v2\/media?parent=1042"}],"curies":[{"name":"wp","href":"https:\/\/api.w.org\/{rel}","templated":true}]}}