{"id":721,"date":"2019-09-26T13:39:38","date_gmt":"2019-09-26T16:39:38","guid":{"rendered":"http:\/\/fortflex.com.br\/loja\/?page_id=721"},"modified":"2021-07-05T13:46:49","modified_gmt":"2021-07-05T16:46:49","slug":"quem-somos","status":"publish","type":"page","link":"https:\/\/fortflex.com.br\/loja\/quem-somos\/","title":{"rendered":"Quem Somos"},"content":{"rendered":"<div class=\"container section-title-container\" ><h3 class=\"section-title section-title-bold\"><b><\/b><span class=\"section-title-main\" ><i class=\"icon-menu\" ><\/i>Um pouco sobre n\u00f3s<\/span><b><\/b><\/h3><\/div>\n<div class=\"row\"  id=\"row-2045102928\">\n\n\t<div id=\"col-1809477679\" class=\"col medium-6 small-12 large-6\"  >\n\t\t<div class=\"col-inner\"  >\n\t\t\t\n\t\t\t\n\t<div class=\"img has-hover x md-x lg-x y md-y lg-y\" id=\"image_2108800123\">\n\t\t\t\t\t\t\t\t<div class=\"img-inner image-cover dark\" style=\"padding-top:100%;\">\n\t\t\t<img loading=\"lazy\" decoding=\"async\" width=\"745\" height=\"552\" src=\"https:\/\/fortflex.com.br\/loja\/wp-content\/uploads\/2021\/02\/cas-sem-braco-2-cromada.png\" class=\"attachment-large size-large\" alt=\"\" srcset=\"https:\/\/fortflex.com.br\/loja\/wp-content\/uploads\/2021\/02\/cas-sem-braco-2-cromada.png 745w, https:\/\/fortflex.com.br\/loja\/wp-content\/uploads\/2021\/02\/cas-sem-braco-2-cromada-540x400.png 540w, https:\/\/fortflex.com.br\/loja\/wp-content\/uploads\/2021\/02\/cas-sem-braco-2-cromada-600x445.png 600w\" sizes=\"(max-width: 745px) 100vw, 745px\" \/>\t\t\t\t\t\t\n\t\t\t\t\t<\/div>\n\t\t\t\t\t\t\t\t\n<style>\n#image_2108800123 {\n  width: 100%;\n}\n<\/style>\n\t<\/div>\n\t\n\t\t<\/div>\n\t\t\t<\/div>\n\n\t\n\n\t<div id=\"col-1320281564\" class=\"col medium-6 small-12 large-6\"  >\n\t\t<div class=\"col-inner\"  >\n\t\t\t\n\t\t\t\n<p><b>FortFlex<\/b>, empresa brasileira fundada em 1 de Junho de 1970, que se especializou na fabrica\u00e7\u00e3o de cadeiras girat\u00f3rias para escrit\u00f3rios e poltronas perfeitamente adequadas aos mais diversos tipos de postos de trabalho e ambientes de escrit\u00f3rio, escola, ind\u00fastria e audit\u00f3rio.<\/p>\n<p>Desenvolvemos projetos para salas, escrit\u00f3rios, teatros e audit\u00f3rios, oferecendo solu\u00e7\u00f5es de acordo com a necessidade do ambiente.<\/p>\n<p>Nossos produtos oferecem conforto, qualidade, durabilidade, beleza e fino acabamento, fabricamos dentro das normas de ergonomia com mat\u00e9rias-primas da mais alta qualidade.<\/p>\n<h4>MISS\u00c3O:<\/h4>\n<ul>\n<li>Transformar projetos em realidade;<\/li>\n<li>Ser a melhor empresa para nossos clientes, colaboradores e parceiros;<\/li>\n<li>O cliente \u00e9 a nossa raz\u00e3o de ser.<\/li>\n<\/ul>\n<p>Esses s\u00e3o os valores que guiam nossa empresa.<\/p>\n\t\t<\/div>\n\t\t\t<\/div>\n\n\t\n<\/div>\n\n  <div class=\"banner has-hover\" id=\"banner-1461490609\">\n          <div class=\"banner-inner fill\">\n        <div class=\"banner-bg fill\" >\n            <div class=\"bg fill bg-fill \"><\/div>\n                        <div class=\"overlay\"><\/div>            \n                    <\/div>\n        <div class=\"banner-layers container\">\n            <div class=\"fill banner-link\"><\/div>            \n   <div id=\"text-box-497684000\" class=\"text-box banner-layer x5 md-x5 lg-x5 y50 md-y50 lg-y50 res-text\">\n                                <div class=\"text-box-content text \">\n              \n              <div class=\"text-inner text-left\">\n                  \n<h2 class=\"uppercase\"><strong>Frete Gr\u00e1tis<\/strong><\/h2>\n<h3>Sem custo de entrega<\/h3>\n<p>Focamos nossos esfor\u00e7os em manter qualidade em todo processo de compra, priorizamos entregas com qualidade e sem custo nos bairros ao lado.<\/p>\n<a href=\"https:\/\/fortflex.com.br\/loja\/fretes-e-entregas\/\" target=\"_self\" class=\"button primary\"  >\n    <span>Veja nossa pol\u00edtica de fretes e entregas<\/span>\n  <\/a>\n\n<a href=\"https:\/\/www.fortflex.com.br\/shop\/\" target=\"_self\" class=\"button primary is-outline hidden\"  >\n    <span>Veja nossos Produtos<\/span>\n  <\/a>\n\n              <\/div>\n           <\/div>\n                            \n<style>\n#text-box-497684000 {\n  width: 60%;\n}\n#text-box-497684000 .text-box-content {\n  font-size: 100%;\n}\n@media (min-width:550px) {\n  #text-box-497684000 {\n    width: 40%;\n  }\n}\n<\/style>\n    <\/div>\n \n   <div id=\"text-box-546661942\" class=\"text-box banner-layer x95 md-x95 lg-x95 y50 md-y50 lg-y50 res-text\">\n                                <div class=\"text-box-content text \">\n              \n              <div class=\"text-inner text-left\">\n                  \n<ul>\n<li>Mirand\u00f3polis<\/li>\n<li>Mooca<\/li>\n<li>Morumbi<\/li>\n<li>Para\u00edso<\/li>\n<li>Perdizes<\/li>\n<li>Pinheiros<\/li>\n<li>Planalto Paulista<\/li>\n<li>Sacom\u00e3<\/li>\n<li>Santo Amaro<\/li>\n<li>Santo Amaro<\/li>\n<li>Vila Clementino<\/li>\n<li>Vila Mariana<\/li>\n<li>Vila Ol\u00edmpia <\/li>\n<li>Vila Prudente<\/li>\n<\/ul>\n              <\/div>\n           <\/div>\n                            \n<style>\n#text-box-546661942 {\n  width: 60%;\n}\n#text-box-546661942 .text-box-content {\n  font-size: 100%;\n}\n@media (min-width:550px) {\n  #text-box-546661942 {\n    width: 18%;\n  }\n}\n<\/style>\n    <\/div>\n \n   <div id=\"text-box-68733504\" class=\"text-box banner-layer x75 md-x75 lg-x75 y50 md-y50 lg-y50 res-text\">\n                                <div class=\"text-box-content text \">\n              \n              <div class=\"text-inner text-left\">\n                  \n<ul>\n<li>Ana Rosa<\/li>\n<li>Av. Paulista<\/li>\n<li>Bela Vista<\/li>\n<li>Br\u00e1s<\/li>\n<li>Brooklin Novo<\/li>\n<li>Cambuci<\/li>\n<li>Cerqueira C\u00e9sar<\/li>\n<li>Ch\u00e1cara Santo Ant\u00f4nio<\/li>\n<li>Ibirapuera<\/li>\n<li>Ipiranga<\/li>\n<li>Itaim Bibi<\/li>\n<li>Jardim Paulista<\/li>\n<li>Klabin<\/li>\n<li>Liberdade<\/li>\n<\/ul>\n              <\/div>\n           <\/div>\n                            \n<style>\n#text-box-68733504 {\n  width: 60%;\n}\n#text-box-68733504 .text-box-content {\n  font-size: 100%;\n}\n@media (min-width:550px) {\n  #text-box-68733504 {\n    width: 18%;\n  }\n}\n<\/style>\n    <\/div>\n \n        <\/div>\n      <\/div>\n\n            \n<style>\n#banner-1461490609 {\n  padding-top: 500px;\n  background-color: rgb(255, 255, 255);\n}\n#banner-1461490609 .overlay {\n  background-color: rgba(190, 190, 190, 0.2);\n}\n<\/style>\n  <\/div>\n\n\n","protected":false},"excerpt":{"rendered":"","protected":false},"author":1,"featured_media":0,"parent":0,"menu_order":0,"comment_status":"closed","ping_status":"closed","template":"","meta":{"footnotes":""},"_links":{"self":[{"href":"https:\/\/fortflex.com.br\/loja\/wp-json\/wp\/v2\/pages\/721"}],"collection":[{"href":"https:\/\/fortflex.com.br\/loja\/wp-json\/wp\/v2\/pages"}],"about":[{"href":"https:\/\/fortflex.com.br\/loja\/wp-json\/wp\/v2\/types\/page"}],"author":[{"embeddable":true,"href":"https:\/\/fortflex.com.br\/loja\/wp-json\/wp\/v2\/users\/1"}],"replies":[{"embeddable":true,"href":"https:\/\/fortflex.com.br\/loja\/wp-json\/wp\/v2\/comments?post=721"}],"version-history":[{"count":7,"href":"https:\/\/fortflex.com.br\/loja\/wp-json\/wp\/v2\/pages\/721\/revisions"}],"predecessor-version":[{"id":8070,"href":"https:\/\/fortflex.com.br\/loja\/wp-json\/wp\/v2\/pages\/721\/revisions\/8070"}],"wp:attachment":[{"href":"https:\/\/fortflex.com.br\/loja\/wp-json\/wp\/v2\/media?parent=721"}],"curies":[{"name":"wp","href":"https:\/\/api.w.org\/{rel}","templated":true}]}}