{"id":1714,"date":"2021-01-13T12:15:12","date_gmt":"2021-01-13T15:15:12","guid":{"rendered":"https:\/\/fortflex.com.br\/loja\/?post_type=product&#038;p=1714"},"modified":"2025-12-01T10:36:12","modified_gmt":"2025-12-01T13:36:12","slug":"brizzasoft-com-apoio-de-cabeca-3","status":"publish","type":"product","link":"https:\/\/fortflex.com.br\/loja\/produto\/brizzasoft-com-apoio-de-cabeca-3\/","title":{"rendered":"Cadeira Girat\u00f3ria Brizza Soft Presidente com Apoio de Cabe\u00e7a (Slider\/Base Alum\u00ednio)"},"content":{"rendered":"<p>&#8211; Assento com espuma injetada (dens.D45\/55)<br \/>\n&#8211; Base girat\u00f3ria em alum\u00ednio polido<br \/>\n&#8211; Mecanismo Slider<br \/>\n&#8211; Sistema de regulagem de altura e inclina\u00e7\u00e3o do encosto com autocompensador (regulagem de profundidade do assento)<br \/>\n&#8211; Regulagem altura do assento a g\u00e1s<br \/>\n&#8211; Apoio Lombar com regulagem de altura<br \/>\n&#8211; Encosto estofado<br \/>\n&#8211; Apoio de cabe\u00e7a estofado<br \/>\n&#8211; Revestimento em diversas op\u00e7\u00f5es<br \/>\n&#8211; Bra\u00e7os 3D PP com regulagens de altura, \u00e2ngulo e profundidade<br \/>\n&#8211; Cadeira Ergon\u00f4mica conforme a NR17\/NBR13.962<br \/>\nPeso m\u00e1ximo suportado: 150kg<br \/>\nGarantia:  2 anos <\/p>\n<p>* Consulte- nos para outras cores<\/p>\n<p>&#8211; O prazo de envio do seu pedido fica em <strong>at\u00e9 30 dias corridos<\/strong> ap\u00f3s a confirma\u00e7\u00e3o do pagamento. Pedidos aprovados ap\u00f3s \u00e0s 17:30h, nos finais de semana ou feriados, come\u00e7am a contar o prazo somente no segundo dia \u00fatil subsequente.<br \/>\nMaiores informa\u00e7\u00f5es entre em contato conosco.<br \/>\nInstru\u00e7\u00f5es de limpeza: n\u00e3o utilizar produtos abrasivos, limpar com flanela ou pano \u00famido e sab\u00e3o neutro.<br \/>\n-Produto Nacional.<br \/>\n-Imagens meramente ilustrativas<br \/>\n&#8211; Montagem feita pelo cliente ou entrar em contato por email ou whatsapp para cadeiras montadas.<\/p>\n","protected":false},"excerpt":{"rendered":"<p>&#8211; Assento com espuma injetada (dens.D45\/55) &#8211; Base girat\u00f3ria em alum\u00ednio polido &#8211; Mecanismo Slider &#8211; Sistema de regulagem de altura e inclina\u00e7\u00e3o do encosto com autocompensador (regulagem de profundidade do assento) &#8211; Regulagem altura do assento a g\u00e1s &#8211; Apoio Lombar com regulagem de altura &#8211; Encosto estofado &#8211; Apoio de cabe\u00e7a estofado &#8211; [&#8230;]\n","protected":false},"featured_media":1717,"template":"","meta":[],"product_cat":[109],"product_tag":[],"_links":{"self":[{"href":"https:\/\/fortflex.com.br\/loja\/wp-json\/wp\/v2\/product\/1714"}],"collection":[{"href":"https:\/\/fortflex.com.br\/loja\/wp-json\/wp\/v2\/product"}],"about":[{"href":"https:\/\/fortflex.com.br\/loja\/wp-json\/wp\/v2\/types\/product"}],"wp:featuredmedia":[{"embeddable":true,"href":"https:\/\/fortflex.com.br\/loja\/wp-json\/wp\/v2\/media\/1717"}],"wp:attachment":[{"href":"https:\/\/fortflex.com.br\/loja\/wp-json\/wp\/v2\/media?parent=1714"}],"wp:term":[{"taxonomy":"product_cat","embeddable":true,"href":"https:\/\/fortflex.com.br\/loja\/wp-json\/wp\/v2\/product_cat?post=1714"},{"taxonomy":"product_tag","embeddable":true,"href":"https:\/\/fortflex.com.br\/loja\/wp-json\/wp\/v2\/product_tag?post=1714"}],"curies":[{"name":"wp","href":"https:\/\/api.w.org\/{rel}","templated":true}]}}