{"id":1778,"date":"2021-01-21T15:48:45","date_gmt":"2021-01-21T18:48:45","guid":{"rendered":"https:\/\/fortflex.com.br\/loja\/?post_type=product&#038;p=1778"},"modified":"2026-04-20T10:18:56","modified_gmt":"2026-04-20T13:18:56","slug":"fixa-brizza-soft-2","status":"publish","type":"product","link":"https:\/\/fortflex.com.br\/loja\/produto\/fixa-brizza-soft-2\/","title":{"rendered":"Cadeira Fixa Brizza Executiva Soft (Estrut. Cromada)"},"content":{"rendered":"<p>Descri\u00e7\u00e3o:<br \/>\n&#8211; Assento com espuma injetada (dens.D45\/55)<br \/>\n&#8211; Estrutura fixa em a\u00e7o de uma polegada de diametro com acabamento cromado<br \/>\n&#8211; Sapatas<br \/>\n&#8211; Encosto fixo estofado<br \/>\n&#8211; Apoio Lombar com regulagem de altura<br \/>\n&#8211; Revestimento em diversas op\u00e7\u00f5es<br \/>\n&#8211; Bra\u00e7os em a\u00e7o com apoio de polipropileno<br \/>\nPeso m\u00e1ximo suportado: 120kg<br \/>\nGarantia:  2 anos<\/p>\n<p>* Consulte- nos para outras cores<\/p>\n<p>&#8211; O prazo de envio do seu pedido fica em <strong>at\u00e9 30 dias corridos<\/strong> ap\u00f3s a confirma\u00e7\u00e3o do pagamento. Pedidos aprovados ap\u00f3s \u00e0s 17:30h, nos finais de semana ou feriados, come\u00e7am a contar o prazo somente no segundo dia \u00fatil subsequente.<br \/>\nMaiores informa\u00e7\u00f5es entre em contato conosco.<br \/>\nInstru\u00e7\u00f5es de limpeza: n\u00e3o utilizar produtos abrasivos, limpar com flanela ou pano \u00famido e sab\u00e3o neutro.<br \/>\n-Produto Nacional.<br \/>\n-Imagens meramente ilustrativas<br \/>\n&#8211; Montagem feita pelo cliente ou entrar em contato por email ou whatsapp para cadeiras montadas.<\/p>\n","protected":false},"excerpt":{"rendered":"<p>Descri\u00e7\u00e3o: &#8211; Assento com espuma injetada (dens.D45\/55) &#8211; Estrutura fixa em a\u00e7o de uma polegada de diametro com acabamento cromado &#8211; Sapatas &#8211; Encosto fixo estofado &#8211; Apoio Lombar com regulagem de altura &#8211; Revestimento em diversas op\u00e7\u00f5es &#8211; Bra\u00e7os em a\u00e7o com apoio de polipropileno Peso m\u00e1ximo suportado: 120kg Garantia: 2 anos * Consulte- [&#8230;]\n","protected":false},"featured_media":2459,"template":"","meta":[],"product_cat":[110],"product_tag":[],"_links":{"self":[{"href":"https:\/\/fortflex.com.br\/loja\/wp-json\/wp\/v2\/product\/1778"}],"collection":[{"href":"https:\/\/fortflex.com.br\/loja\/wp-json\/wp\/v2\/product"}],"about":[{"href":"https:\/\/fortflex.com.br\/loja\/wp-json\/wp\/v2\/types\/product"}],"wp:featuredmedia":[{"embeddable":true,"href":"https:\/\/fortflex.com.br\/loja\/wp-json\/wp\/v2\/media\/2459"}],"wp:attachment":[{"href":"https:\/\/fortflex.com.br\/loja\/wp-json\/wp\/v2\/media?parent=1778"}],"wp:term":[{"taxonomy":"product_cat","embeddable":true,"href":"https:\/\/fortflex.com.br\/loja\/wp-json\/wp\/v2\/product_cat?post=1778"},{"taxonomy":"product_tag","embeddable":true,"href":"https:\/\/fortflex.com.br\/loja\/wp-json\/wp\/v2\/product_tag?post=1778"}],"curies":[{"name":"wp","href":"https:\/\/api.w.org\/{rel}","templated":true}]}}