{"id":1847,"date":"2021-01-26T09:54:22","date_gmt":"2021-01-26T12:54:22","guid":{"rendered":"https:\/\/fortflex.com.br\/loja\/?post_type=product&#038;p=1847"},"modified":"2022-06-11T11:19:30","modified_gmt":"2022-06-11T14:19:30","slug":"front-g1","status":"publish","type":"product","link":"https:\/\/fortflex.com.br\/loja\/produto\/front-g1\/","title":{"rendered":"Cadeira\/Poltrona Fixa Girat\u00f3ria Front G1 (Relax\/Base Cromada)"},"content":{"rendered":"<p>&#8211; Assento com espuma em PU injetada (D45\/55)<br \/>\n&#8211; Base girat\u00f3ria  em a\u00e7o com acabamento cromado<br \/>\n&#8211; Mecanismo Relax com bloqueio<br \/>\n&#8211; Rod\u00edzios anti-risco em PU<br \/>\n&#8211; Inclina\u00e7\u00e3o no encosto com bloqueio em 1 posi\u00e7\u00e3o<br \/>\n&#8211; Regulagem de altura do assento a g\u00e1s<br \/>\n&#8211; Assento e Encosto estofado com Pillow Top<br \/>\n&#8211; Encosto M\u00e9dio Diretor<br \/>\n&#8211; Revestimento em diversas op\u00e7\u00f5es<br \/>\n&#8211; Bra\u00e7os em poliuretano emborrachado preto<br \/>\n&#8211; Peso m\u00e1ximo suportado: 120kg<br \/>\nGarantia: 18 meses<\/p>\n<p>Medidas:<br \/>\n Largura de bra\u00e7o a bra\u00e7o: 62cm<br \/>\n Largura do assento: 51cm<br \/>\n Profundidade do assento: 52cm<br \/>\n Altura do encosto: 62cm<\/p>\n<p>&#8211; O prazo de envio do seu pedido fica em <strong>at\u00e9 30 dias corridos<\/strong> ap\u00f3s a confirma\u00e7\u00e3o do pagamento. Pedidos aprovados ap\u00f3s \u00e0s 17:30h, nos finais de semana ou feriados, come\u00e7am a contar o prazo somente no segundo dia \u00fatil subsequente.<br \/>\nMaiores informa\u00e7\u00f5es entre em contato conosco.<br \/>\nInstru\u00e7\u00f5es de limpeza: n\u00e3o utilizar produtos abrasivos, limpar com flanela ou pano \u00famido e sab\u00e3o neutro.<br \/>\n-Produto Nacional.<br \/>\n-Imagens meramente ilustrativas<br \/>\n&#8211; Montagem feita pelo cliente ou entrar em contato por email ou whatsapp para cadeiras montadas.<\/p>\n","protected":false},"excerpt":{"rendered":"<p>&#8211; Assento com espuma em PU injetada (D45\/55) &#8211; Base girat\u00f3ria em a\u00e7o com acabamento cromado &#8211; Mecanismo Relax com bloqueio &#8211; Rod\u00edzios anti-risco em PU &#8211; Inclina\u00e7\u00e3o no encosto com bloqueio em 1 posi\u00e7\u00e3o &#8211; Regulagem de altura do assento a g\u00e1s &#8211; Assento e Encosto estofado com Pillow Top &#8211; Encosto M\u00e9dio Diretor [&#8230;]\n","protected":false},"featured_media":1848,"template":"","meta":[],"product_cat":[128,109],"product_tag":[],"_links":{"self":[{"href":"https:\/\/fortflex.com.br\/loja\/wp-json\/wp\/v2\/product\/1847"}],"collection":[{"href":"https:\/\/fortflex.com.br\/loja\/wp-json\/wp\/v2\/product"}],"about":[{"href":"https:\/\/fortflex.com.br\/loja\/wp-json\/wp\/v2\/types\/product"}],"wp:featuredmedia":[{"embeddable":true,"href":"https:\/\/fortflex.com.br\/loja\/wp-json\/wp\/v2\/media\/1848"}],"wp:attachment":[{"href":"https:\/\/fortflex.com.br\/loja\/wp-json\/wp\/v2\/media?parent=1847"}],"wp:term":[{"taxonomy":"product_cat","embeddable":true,"href":"https:\/\/fortflex.com.br\/loja\/wp-json\/wp\/v2\/product_cat?post=1847"},{"taxonomy":"product_tag","embeddable":true,"href":"https:\/\/fortflex.com.br\/loja\/wp-json\/wp\/v2\/product_tag?post=1847"}],"curies":[{"name":"wp","href":"https:\/\/api.w.org\/{rel}","templated":true}]}}