{"id":2027,"date":"2021-02-15T11:59:35","date_gmt":"2021-02-15T14:59:35","guid":{"rendered":"https:\/\/fortflex.com.br\/loja\/?post_type=product&#038;p=2027"},"modified":"2025-12-01T11:02:51","modified_gmt":"2025-12-01T14:02:51","slug":"cadeira-giratoria-beezi-br-cromada","status":"publish","type":"product","link":"https:\/\/fortflex.com.br\/loja\/produto\/cadeira-giratoria-beezi-br-cromada\/","title":{"rendered":"Cadeira Girat\u00f3ria Beezi- BR (Relax\/Base Cromada)"},"content":{"rendered":"<p>\u2013 Assento em espuma injetada de poliuretano (Espessura 50mm)<br \/>\n\u2013 Encosto injetado em polipropileno, cores: preto, azul, vermelho, cinza, verde e branco.<br \/>\n\u2013 Base curva girat\u00f3ria em a\u00e7o com acabamento cromado<br \/>\n\u2013 Rod\u00edzios duplos em PP<br \/>\n\u2013 Regulagem de altura do assento a g\u00e1s<br \/>\n\u2013 Mecanismo com relax com bloqueio em uma posi\u00e7\u00e3o<br \/>\n\u2013 Revestimento em tecido ou couro ecol\u00f3gico<br \/>\n\u2013 Peso m\u00e1ximo suportado: 120kg<br \/>\nGarantia: 1 ano<\/p>\n<p>&#8211; O prazo de envio do seu pedido fica em <strong>at\u00e9 30 dias corridos<\/strong> ap\u00f3s a confirma\u00e7\u00e3o do pagamento. Pedidos aprovados ap\u00f3s \u00e0s 17:30h, nos finais de semana ou feriados, come\u00e7am a contar o prazo somente no segundo dia \u00fatil subsequente.<br \/>\nMaiores informa\u00e7\u00f5es entre em contato conosco.<br \/>\nInstru\u00e7\u00f5es de limpeza: n\u00e3o utilizar produtos abrasivos, limpar com flanela ou pano \u00famido e sab\u00e3o neutro.<br \/>\n-Produto Nacional.<br \/>\n-Imagens meramente ilustrativas<br \/>\n&#8211; Montagem feita pelo cliente ou entrar em contato por email ou whatsapp para cadeiras montadas.<\/p>\n","protected":false},"excerpt":{"rendered":"<p>\u2013 Assento em espuma injetada de poliuretano (Espessura 50mm) \u2013 Encosto injetado em polipropileno, cores: preto, azul, vermelho, cinza, verde e branco. \u2013 Base curva girat\u00f3ria em a\u00e7o com acabamento cromado \u2013 Rod\u00edzios duplos em PP \u2013 Regulagem de altura do assento a g\u00e1s \u2013 Mecanismo com relax com bloqueio em uma posi\u00e7\u00e3o \u2013 Revestimento [&#8230;]\n","protected":false},"featured_media":2030,"template":"","meta":[],"product_cat":[109],"product_tag":[],"_links":{"self":[{"href":"https:\/\/fortflex.com.br\/loja\/wp-json\/wp\/v2\/product\/2027"}],"collection":[{"href":"https:\/\/fortflex.com.br\/loja\/wp-json\/wp\/v2\/product"}],"about":[{"href":"https:\/\/fortflex.com.br\/loja\/wp-json\/wp\/v2\/types\/product"}],"wp:featuredmedia":[{"embeddable":true,"href":"https:\/\/fortflex.com.br\/loja\/wp-json\/wp\/v2\/media\/2030"}],"wp:attachment":[{"href":"https:\/\/fortflex.com.br\/loja\/wp-json\/wp\/v2\/media?parent=2027"}],"wp:term":[{"taxonomy":"product_cat","embeddable":true,"href":"https:\/\/fortflex.com.br\/loja\/wp-json\/wp\/v2\/product_cat?post=2027"},{"taxonomy":"product_tag","embeddable":true,"href":"https:\/\/fortflex.com.br\/loja\/wp-json\/wp\/v2\/product_tag?post=2027"}],"curies":[{"name":"wp","href":"https:\/\/api.w.org\/{rel}","templated":true}]}}