{"id":2031,"date":"2021-02-15T12:58:55","date_gmt":"2021-02-15T15:58:55","guid":{"rendered":"https:\/\/fortflex.com.br\/loja\/?post_type=product&#038;p=2031"},"modified":"2025-12-01T11:03:30","modified_gmt":"2025-12-01T14:03:30","slug":"cadeira-giratoria-push-g2-sbr-sem-bracos-relax-base-preta","status":"publish","type":"product","link":"https:\/\/fortflex.com.br\/loja\/produto\/cadeira-giratoria-push-g2-sbr-sem-bracos-relax-base-preta\/","title":{"rendered":"Cadeira Girat\u00f3ria Beezi &#8211; SBR Sem Bra\u00e7os (Base Preta)"},"content":{"rendered":"<p>\u2013 Assento em espuma injetada de poliuretano (Espessura 50mm)<br \/>\n\u2013 Encosto injetado em polipropileno, cores: preto, azul, vermelho, cinza, verde e branco.<br \/>\n\u2013 Base reta girat\u00f3ria em a\u00e7o com acabamento preto<br \/>\n\u2013 Rod\u00edzios duplos em PP<br \/>\n\u2013 Regulagem de altura do assento a g\u00e1s<br \/>\n&#8211;<strong> Sem bra\u00e7os<\/strong><br \/>\n\u2013 Revestimento em tecido ou couro ecol\u00f3gico<br \/>\n\u2013 Peso m\u00e1ximo suportado: 120kg<br \/>\nGarantia: 1 ano <\/p>\n<p>&#8211; O prazo de envio do seu pedido fica em <strong>at\u00e9 30 dias corridos<\/strong> ap\u00f3s a confirma\u00e7\u00e3o do pagamento. Pedidos aprovados ap\u00f3s \u00e0s 17:30h, nos finais de semana ou feriados, come\u00e7am a contar o prazo somente no segundo dia \u00fatil subsequente.<br \/>\nMaiores informa\u00e7\u00f5es entre em contato conosco.<br \/>\nInstru\u00e7\u00f5es de limpeza: n\u00e3o utilizar produtos abrasivos, limpar com flanela ou pano \u00famido e sab\u00e3o neutro.<br \/>\n-Produto Nacional.<br \/>\n-Imagens meramente ilustrativas<br \/>\n&#8211; Montagem feita pelo cliente ou entrar em contato por email ou whatsapp para cadeiras montadas.<\/p>\n","protected":false},"excerpt":{"rendered":"<p>\u2013 Assento em espuma injetada de poliuretano (Espessura 50mm) \u2013 Encosto injetado em polipropileno, cores: preto, azul, vermelho, cinza, verde e branco. \u2013 Base reta girat\u00f3ria em a\u00e7o com acabamento preto \u2013 Rod\u00edzios duplos em PP \u2013 Regulagem de altura do assento a g\u00e1s &#8211; Sem bra\u00e7os \u2013 Revestimento em tecido ou couro ecol\u00f3gico \u2013 [&#8230;]\n","protected":false},"featured_media":2032,"template":"","meta":[],"product_cat":[109],"product_tag":[],"_links":{"self":[{"href":"https:\/\/fortflex.com.br\/loja\/wp-json\/wp\/v2\/product\/2031"}],"collection":[{"href":"https:\/\/fortflex.com.br\/loja\/wp-json\/wp\/v2\/product"}],"about":[{"href":"https:\/\/fortflex.com.br\/loja\/wp-json\/wp\/v2\/types\/product"}],"wp:featuredmedia":[{"embeddable":true,"href":"https:\/\/fortflex.com.br\/loja\/wp-json\/wp\/v2\/media\/2032"}],"wp:attachment":[{"href":"https:\/\/fortflex.com.br\/loja\/wp-json\/wp\/v2\/media?parent=2031"}],"wp:term":[{"taxonomy":"product_cat","embeddable":true,"href":"https:\/\/fortflex.com.br\/loja\/wp-json\/wp\/v2\/product_cat?post=2031"},{"taxonomy":"product_tag","embeddable":true,"href":"https:\/\/fortflex.com.br\/loja\/wp-json\/wp\/v2\/product_tag?post=2031"}],"curies":[{"name":"wp","href":"https:\/\/api.w.org\/{rel}","templated":true}]}}