{"id":2128,"date":"2021-02-18T15:30:31","date_gmt":"2021-02-18T18:30:31","guid":{"rendered":"https:\/\/fortflex.com.br\/loja\/?post_type=product&#038;p=2128"},"modified":"2025-09-04T16:04:55","modified_gmt":"2025-09-04T19:04:55","slug":"cadeira-fixa-stiff-sbr-sem-bracos-estrut-preta","status":"publish","type":"product","link":"https:\/\/fortflex.com.br\/loja\/produto\/cadeira-fixa-stiff-sbr-sem-bracos-estrut-preta\/","title":{"rendered":"Cadeira Fixa Stiff SBR- Sem Bra\u00e7os (Estrut. Preta)"},"content":{"rendered":"<p>Cadeira fixa empilh\u00e1vel <strong>sem bra\u00e7os,<\/strong> assento e encosto espuma injetada revestido em tecido ou couro sint\u00e9tico, perfil nas bordas, estrutura em a\u00e7o tubular oval. Medidas: Encosto: 490mm larg. x 330mm alt. Assento: 460mm larg. x 400mm prof.<\/p>\n<p>Ficha T\u00e9cnica:<br \/>\nEstrutura: preto<br \/>\nGarantia: 1 ano<\/p>\n<p>&#8211; Empilh\u00e1vel no m\u00e1ximo 5 unidades<\/p>\n<p>&#8211; O prazo de envio do seu pedido fica em <strong>at\u00e9 30 dias corridos<\/strong> ap\u00f3s a confirma\u00e7\u00e3o do pagamento. Pedidos aprovados ap\u00f3s \u00e0s 17:30h, nos finais de semana ou feriados, come\u00e7am a contar o prazo somente no segundo dia \u00fatil subsequente.<br \/>\nMaiores informa\u00e7\u00f5es entre em contato conosco.<br \/>\nInstru\u00e7\u00f5es de limpeza: n\u00e3o utilizar produtos abrasivos, limpar com flanela ou pano \u00famido e sab\u00e3o neutro.<br \/>\n-Produto Nacional.<br \/>\n-Imagens meramente ilustrativas<br \/>\n&#8211; Montagem feita pelo cliente ou entrar em contato por email ou whatsapp para cadeiras montadas.<\/p>\n","protected":false},"excerpt":{"rendered":"<p>Cadeira fixa empilh\u00e1vel sem bra\u00e7os, assento e encosto espuma injetada revestido em tecido ou couro sint\u00e9tico, perfil nas bordas, estrutura em a\u00e7o tubular oval. Medidas: Encosto: 490mm larg. x 330mm alt. Assento: 460mm larg. x 400mm prof. Ficha T\u00e9cnica: Estrutura: preto Garantia: 1 ano &#8211; Empilh\u00e1vel no m\u00e1ximo 5 unidades &#8211; O prazo de envio [&#8230;]\n","protected":false},"featured_media":2131,"template":"","meta":[],"product_cat":[110],"product_tag":[],"_links":{"self":[{"href":"https:\/\/fortflex.com.br\/loja\/wp-json\/wp\/v2\/product\/2128"}],"collection":[{"href":"https:\/\/fortflex.com.br\/loja\/wp-json\/wp\/v2\/product"}],"about":[{"href":"https:\/\/fortflex.com.br\/loja\/wp-json\/wp\/v2\/types\/product"}],"wp:featuredmedia":[{"embeddable":true,"href":"https:\/\/fortflex.com.br\/loja\/wp-json\/wp\/v2\/media\/2131"}],"wp:attachment":[{"href":"https:\/\/fortflex.com.br\/loja\/wp-json\/wp\/v2\/media?parent=2128"}],"wp:term":[{"taxonomy":"product_cat","embeddable":true,"href":"https:\/\/fortflex.com.br\/loja\/wp-json\/wp\/v2\/product_cat?post=2128"},{"taxonomy":"product_tag","embeddable":true,"href":"https:\/\/fortflex.com.br\/loja\/wp-json\/wp\/v2\/product_tag?post=2128"}],"curies":[{"name":"wp","href":"https:\/\/api.w.org\/{rel}","templated":true}]}}