{"id":2180,"date":"2021-02-23T10:23:07","date_gmt":"2021-02-23T13:23:07","guid":{"rendered":"https:\/\/fortflex.com.br\/loja\/?post_type=product&#038;p=2180"},"modified":"2021-06-24T13:05:23","modified_gmt":"2021-06-24T16:05:23","slug":"cadeira-poltrona-giratoria-vision-g2-relax-base-cromada","status":"publish","type":"product","link":"https:\/\/fortflex.com.br\/loja\/produto\/cadeira-poltrona-giratoria-vision-g2-relax-base-cromada\/","title":{"rendered":"Cadeira\/Poltrona Girat\u00f3ria Vision G2 (Relax\/Base Cromada)"},"content":{"rendered":"<p>\u2013 Assento e Encosto em espuma poliuretano injetada (Espessura 70mm)<br \/>\n&#8211; Cadeira \/Poltrona girat\u00f3ria executiva\/diretoria espaldar m\u00e9dio<br \/>\n\u2013 Base girat\u00f3ria em a\u00e7o com acabamento cromado<br \/>\n\u2013 Mecanismo Relax com bloqueio<br \/>\n\u2013 Rod\u00edzios em poliuretano<br \/>\n\u2013 Inclina\u00e7\u00e3o no encosto com bloqueio em 1 posi\u00e7\u00e3o<br \/>\n\u2013 Regulagem de altura do assento a g\u00e1s<br \/>\n\u2013 Revestimento em diversas op\u00e7\u00f5es<br \/>\n\u2013 Bra\u00e7os fixo com apoio tape\u00e7ado, e espuma de poliuretano injetado revestido em tecido ou couro sint\u00e9tico<br \/>\n\u2013 Montagem feita pelo cliente ou entrar em contato por email ou whatsapp para cadeiras montadas.<br \/>\n\u2013 Peso m\u00e1ximo suportado: 120kg<br \/>\nGarantia: 1 ano<\/p>\n<p>Medidas:<br \/>\nEncosto: 510mm larg. X 610mm alt.<br \/>\nAssento: 500mm larg. x 500mm<br \/>\nProf. Altura do Assento: M\u00e1xima\/M\u00ednima: 550 mm\/450mm<\/p>\n<p>&#8211; O prazo de envio do seu pedido fica em <strong>at\u00e9 30 dias corridos<\/strong> ap\u00f3s a confirma\u00e7\u00e3o do pagamento. Pedidos aprovados ap\u00f3s \u00e0s 17:30h, nos finais de semana ou feriados, come\u00e7am a contar o prazo somente no segundo dia \u00fatil subsequente.<br \/>\nMaiores informa\u00e7\u00f5es entre em contato conosco.<br \/>\nInstru\u00e7\u00f5es de limpeza: n\u00e3o utilizar produtos abrasivos, limpar com flanela ou pano \u00famido e sab\u00e3o neutro.<br \/>\n-Produto Nacional.<br \/>\n-Imagens meramente ilustrativas<br \/>\n&#8211; Montagem feita pelo cliente ou entrar em contato por email ou whatsapp para cadeiras montadas.<\/p>\n","protected":false},"excerpt":{"rendered":"<p>\u2013 Assento e Encosto em espuma poliuretano injetada (Espessura 70mm) &#8211; Cadeira \/Poltrona girat\u00f3ria executiva\/diretoria espaldar m\u00e9dio \u2013 Base girat\u00f3ria em a\u00e7o com acabamento cromado \u2013 Mecanismo Relax com bloqueio \u2013 Rod\u00edzios em poliuretano \u2013 Inclina\u00e7\u00e3o no encosto com bloqueio em 1 posi\u00e7\u00e3o \u2013 Regulagem de altura do assento a g\u00e1s \u2013 Revestimento em diversas [&#8230;]\n","protected":false},"featured_media":2181,"template":"","meta":[],"product_cat":[109],"product_tag":[],"_links":{"self":[{"href":"https:\/\/fortflex.com.br\/loja\/wp-json\/wp\/v2\/product\/2180"}],"collection":[{"href":"https:\/\/fortflex.com.br\/loja\/wp-json\/wp\/v2\/product"}],"about":[{"href":"https:\/\/fortflex.com.br\/loja\/wp-json\/wp\/v2\/types\/product"}],"wp:featuredmedia":[{"embeddable":true,"href":"https:\/\/fortflex.com.br\/loja\/wp-json\/wp\/v2\/media\/2181"}],"wp:attachment":[{"href":"https:\/\/fortflex.com.br\/loja\/wp-json\/wp\/v2\/media?parent=2180"}],"wp:term":[{"taxonomy":"product_cat","embeddable":true,"href":"https:\/\/fortflex.com.br\/loja\/wp-json\/wp\/v2\/product_cat?post=2180"},{"taxonomy":"product_tag","embeddable":true,"href":"https:\/\/fortflex.com.br\/loja\/wp-json\/wp\/v2\/product_tag?post=2180"}],"curies":[{"name":"wp","href":"https:\/\/api.w.org\/{rel}","templated":true}]}}