{"id":2188,"date":"2021-02-23T12:59:35","date_gmt":"2021-02-23T15:59:35","guid":{"rendered":"https:\/\/fortflex.com.br\/loja\/?post_type=product&#038;p=2188"},"modified":"2021-07-05T13:10:12","modified_gmt":"2021-07-05T16:10:12","slug":"long-4-036-sbr-sem-bracos-estrut-preta","status":"publish","type":"product","link":"https:\/\/fortflex.com.br\/loja\/produto\/long-4-036-sbr-sem-bracos-estrut-preta\/","title":{"rendered":"Long. 4.036 SBR- Sem bra\u00e7os (Estrut. Preta)"},"content":{"rendered":"<p>\u2013 Longarina de 3 lugares<br \/>\n\u2013 Assento e encosto em espuma injetada (dens. 45\/55) tape\u00e7ados, com revestimento em tecido ou couro ecol\u00f3gico, cor a definir.<br \/>\n\u2013 Estrutura: Preta<br \/>\n\u2013 <strong>Sem Bra\u00e7os<\/strong><br \/>\n\u2013 Garantia: 1 ano<\/p>\n<p>&#8211; O prazo de envio do seu pedido fica em <strong>at\u00e9 30 dias corridos<\/strong> ap\u00f3s a confirma\u00e7\u00e3o do pagamento. Pedidos aprovados ap\u00f3s \u00e0s 17:30h, nos finais de semana ou feriados, come\u00e7am a contar o prazo somente no segundo dia \u00fatil subsequente.<br \/>\nMaiores informa\u00e7\u00f5es entre em contato conosco.<br \/>\nInstru\u00e7\u00f5es de limpeza: n\u00e3o utilizar produtos abrasivos, limpar com flanela ou pano \u00famido e sab\u00e3o neutro.<br \/>\n-Produto Nacional.<br \/>\n-Imagens meramente ilustrativas<br \/>\n&#8211; Montagem feita pelo cliente ou entrar em contato por email ou whatsapp para cadeiras montadas.<\/p>\n<p>Medidas:<br \/>\nEncosto: 465mm larg. x 480mm alt.<br \/>\nAlt. encosto: 890mm larg. \/ lugar: 550mm Assento: 490mm larg. 480mm prof. alt. assento: 450mm<\/p>\n","protected":false},"excerpt":{"rendered":"<p>\u2013 Longarina de 3 lugares \u2013 Assento e encosto em espuma injetada (dens. 45\/55) tape\u00e7ados, com revestimento em tecido ou couro ecol\u00f3gico, cor a definir. \u2013 Estrutura: Preta \u2013 Sem Bra\u00e7os \u2013 Garantia: 1 ano &#8211; O prazo de envio do seu pedido fica em at\u00e9 30 dias corridos ap\u00f3s a confirma\u00e7\u00e3o do pagamento. Pedidos [&#8230;]\n","protected":false},"featured_media":8032,"template":"","meta":[],"product_cat":[113],"product_tag":[],"_links":{"self":[{"href":"https:\/\/fortflex.com.br\/loja\/wp-json\/wp\/v2\/product\/2188"}],"collection":[{"href":"https:\/\/fortflex.com.br\/loja\/wp-json\/wp\/v2\/product"}],"about":[{"href":"https:\/\/fortflex.com.br\/loja\/wp-json\/wp\/v2\/types\/product"}],"wp:featuredmedia":[{"embeddable":true,"href":"https:\/\/fortflex.com.br\/loja\/wp-json\/wp\/v2\/media\/8032"}],"wp:attachment":[{"href":"https:\/\/fortflex.com.br\/loja\/wp-json\/wp\/v2\/media?parent=2188"}],"wp:term":[{"taxonomy":"product_cat","embeddable":true,"href":"https:\/\/fortflex.com.br\/loja\/wp-json\/wp\/v2\/product_cat?post=2188"},{"taxonomy":"product_tag","embeddable":true,"href":"https:\/\/fortflex.com.br\/loja\/wp-json\/wp\/v2\/product_tag?post=2188"}],"curies":[{"name":"wp","href":"https:\/\/api.w.org\/{rel}","templated":true}]}}