{"id":2195,"date":"2021-02-23T13:24:43","date_gmt":"2021-02-23T16:24:43","guid":{"rendered":"https:\/\/fortflex.com.br\/loja\/?post_type=product&#038;p=2195"},"modified":"2021-07-05T13:11:40","modified_gmt":"2021-07-05T16:11:40","slug":"long-3-036-estrut-preta","status":"publish","type":"product","link":"https:\/\/fortflex.com.br\/loja\/produto\/long-3-036-estrut-preta\/","title":{"rendered":"Long. 3.036 &#8211; EC (Estrut. Preta)"},"content":{"rendered":"<p>\u2013 Longarina de 2 lugares, sem gomos<br \/>\n\u2013 Assento e encosto em espuma injetada esp. 50mm (dens. 45\/55) tape\u00e7ados, com revestimento em tecido ou couro ecol\u00f3gico, cor a definir.<br \/>\n\u2013 Estrutura: Preta<br \/>\n\u2013 Bra\u00e7os intercalados com acabamento preto<br \/>\n\u2013 Garantia: 1 ano<\/p>\n<p>&#8211; O prazo de envio do seu pedido fica em <strong>at\u00e9 30 dias corridos<\/strong> ap\u00f3s a confirma\u00e7\u00e3o do pagamento. Pedidos aprovados ap\u00f3s \u00e0s 17:30h, nos finais de semana ou feriados, come\u00e7am a contar o prazo somente no segundo dia \u00fatil subsequente.<br \/>\nMaiores informa\u00e7\u00f5es entre em contato conosco.<br \/>\nInstru\u00e7\u00f5es de limpeza: n\u00e3o utilizar produtos abrasivos, limpar com flanela ou pano \u00famido e sab\u00e3o neutro.<br \/>\n-Produto Nacional.<br \/>\n-Imagens meramente ilustrativas<br \/>\n&#8211; Montagem feita pelo cliente ou entrar em contato por email ou whatsapp para cadeiras montadas.<\/p>\n<p>Medidas: Encosto: 465mm larg. x 480mm alt.<\/p>\n<p>Alt. encosto: 890mm larg. \/ lugar: 550mm<\/p>\n<p>Assento: 490mm larg. 480mm prof. alt. assento: 450mm<\/p>\n","protected":false},"excerpt":{"rendered":"<p>\u2013 Longarina de 2 lugares, sem gomos \u2013 Assento e encosto em espuma injetada esp. 50mm (dens. 45\/55) tape\u00e7ados, com revestimento em tecido ou couro ecol\u00f3gico, cor a definir. \u2013 Estrutura: Preta \u2013 Bra\u00e7os intercalados com acabamento preto \u2013 Garantia: 1 ano &#8211; O prazo de envio do seu pedido fica em at\u00e9 30 dias [&#8230;]\n","protected":false},"featured_media":2196,"template":"","meta":[],"product_cat":[113],"product_tag":[],"_links":{"self":[{"href":"https:\/\/fortflex.com.br\/loja\/wp-json\/wp\/v2\/product\/2195"}],"collection":[{"href":"https:\/\/fortflex.com.br\/loja\/wp-json\/wp\/v2\/product"}],"about":[{"href":"https:\/\/fortflex.com.br\/loja\/wp-json\/wp\/v2\/types\/product"}],"wp:featuredmedia":[{"embeddable":true,"href":"https:\/\/fortflex.com.br\/loja\/wp-json\/wp\/v2\/media\/2196"}],"wp:attachment":[{"href":"https:\/\/fortflex.com.br\/loja\/wp-json\/wp\/v2\/media?parent=2195"}],"wp:term":[{"taxonomy":"product_cat","embeddable":true,"href":"https:\/\/fortflex.com.br\/loja\/wp-json\/wp\/v2\/product_cat?post=2195"},{"taxonomy":"product_tag","embeddable":true,"href":"https:\/\/fortflex.com.br\/loja\/wp-json\/wp\/v2\/product_tag?post=2195"}],"curies":[{"name":"wp","href":"https:\/\/api.w.org\/{rel}","templated":true}]}}