{"id":2211,"date":"2021-02-24T10:16:02","date_gmt":"2021-02-24T13:16:02","guid":{"rendered":"https:\/\/fortflex.com.br\/loja\/?post_type=product&#038;p=2211"},"modified":"2026-04-22T09:39:03","modified_gmt":"2026-04-22T12:39:03","slug":"long-style-estrut-preta-2","status":"publish","type":"product","link":"https:\/\/fortflex.com.br\/loja\/produto\/long-style-estrut-preta-2\/","title":{"rendered":"Longarina Ergoplax &#8211; 3 Lugares (Estrut. Preta)"},"content":{"rendered":"<p>\u2013 Longarina de 3 lugares;<br \/>\n\u2013 Assento e encosto em polipropileno;<br \/>\n\u2013 Sem estofado;<br \/>\n\u2013 Estrutura preta;<br \/>\n\u2013 Com apoia bra\u00e7os;<br \/>\n\u2013 Diversas op\u00e7\u00f5es de cores;<br \/>\n\u2013 Estrutura: Preta;<br \/>\n\u2013 Bra\u00e7os intercalados com acabamento preto;<br \/>\n\u2013 Garantia: 1 ano<\/p>\n<p>&#8211; O prazo de envio do seu pedido fica em <strong>at\u00e9 30 dias corridos<\/strong> ap\u00f3s a confirma\u00e7\u00e3o do pagamento. Pedidos aprovados ap\u00f3s \u00e0s 17:30h, nos finais de semana ou feriados, come\u00e7am a contar o prazo somente no segundo dia \u00fatil subsequente.<br \/>\nMaiores informa\u00e7\u00f5es entre em contato conosco.<br \/>\nInstru\u00e7\u00f5es de limpeza: n\u00e3o utilizar produtos abrasivos, limpar com flanela ou pano \u00famido e sab\u00e3o neutro.<br \/>\n-Produto Nacional.<br \/>\n-Imagens meramente ilustrativas<br \/>\n&#8211; Montagem feita pelo cliente ou entrar em contato por email ou whatsapp para cadeiras montadas.<\/p>\n","protected":false},"excerpt":{"rendered":"<p>\u2013 Longarina de 3 lugares; \u2013 Assento e encosto em polipropileno; \u2013 Sem estofado; \u2013 Estrutura preta; \u2013 Com apoia bra\u00e7os; \u2013 Diversas op\u00e7\u00f5es de cores; \u2013 Estrutura: Preta; \u2013 Bra\u00e7os intercalados com acabamento preto; \u2013 Garantia: 1 ano &#8211; O prazo de envio do seu pedido fica em at\u00e9 30 dias corridos ap\u00f3s a [&#8230;]\n","protected":false},"featured_media":2212,"template":"","meta":[],"product_cat":[113],"product_tag":[],"_links":{"self":[{"href":"https:\/\/fortflex.com.br\/loja\/wp-json\/wp\/v2\/product\/2211"}],"collection":[{"href":"https:\/\/fortflex.com.br\/loja\/wp-json\/wp\/v2\/product"}],"about":[{"href":"https:\/\/fortflex.com.br\/loja\/wp-json\/wp\/v2\/types\/product"}],"wp:featuredmedia":[{"embeddable":true,"href":"https:\/\/fortflex.com.br\/loja\/wp-json\/wp\/v2\/media\/2212"}],"wp:attachment":[{"href":"https:\/\/fortflex.com.br\/loja\/wp-json\/wp\/v2\/media?parent=2211"}],"wp:term":[{"taxonomy":"product_cat","embeddable":true,"href":"https:\/\/fortflex.com.br\/loja\/wp-json\/wp\/v2\/product_cat?post=2211"},{"taxonomy":"product_tag","embeddable":true,"href":"https:\/\/fortflex.com.br\/loja\/wp-json\/wp\/v2\/product_tag?post=2211"}],"curies":[{"name":"wp","href":"https:\/\/api.w.org\/{rel}","templated":true}]}}