{"id":2251,"date":"2021-02-25T17:58:51","date_gmt":"2021-02-25T20:58:51","guid":{"rendered":"https:\/\/fortflex.com.br\/loja\/?post_type=product&#038;p=2251"},"modified":"2026-04-22T10:25:40","modified_gmt":"2026-04-22T13:25:40","slug":"sofa-sublime-sbr-sem-bracos-2-lugares-estrut-cromada","status":"publish","type":"product","link":"https:\/\/fortflex.com.br\/loja\/produto\/sofa-sublime-sbr-sem-bracos-2-lugares-estrut-cromada\/","title":{"rendered":"Sof\u00e1 Sublime SBR \u2013 Sem bra\u00e7os \u2013 2 Lugares (Estrut. Cromada)"},"content":{"rendered":"<p>Perfeito para ambientes de recep\u00e7\u00e3o, o Sof\u00e1 Sublime aposta em um design moderno<br \/>\ncom curvas leves que favorecem o conforto juntamente com suas diversas op\u00e7\u00f5es de cores que permitem<br \/>\no encaixe perfeito com a proposta do ambiente.<\/p>\n<p>Possui prote\u00e7\u00e3o contra corros\u00e3o, superf\u00edcie revestida por pintura eletrost\u00e1tica ep\u00f3xi p\u00f3 cromado. Al\u00e9m disso, conta com estrutura com sapatas fixas;<br \/>\n\u2013 2 Lugares<br \/>\n\u2013 Assento e encosto (Espessura 70mm) (D-45\/55)<br \/>\n\u2013 Estrutura Preta;<br \/>\n\u2013 Varias op\u00e7\u00f5es de cores;<br \/>\n\u2013 Sem bra\u00e7os;<br \/>\n\u2013 Garantia: 2 anos;<\/p>\n<p>&#8211; O prazo de envio do seu pedido fica em <strong>at\u00e9 30 dias corridos<\/strong> ap\u00f3s a confirma\u00e7\u00e3o do pagamento. Pedidos aprovados ap\u00f3s \u00e0s 17:30h, nos finais de semana ou feriados, come\u00e7am a contar o prazo somente no segundo dia \u00fatil subsequente.<br \/>\nMaiores informa\u00e7\u00f5es entre em contato conosco.<br \/>\nInstru\u00e7\u00f5es de limpeza: n\u00e3o utilizar produtos abrasivos, limpar com flanela ou pano \u00famido e sab\u00e3o neutro.<br \/>\n-Produto Nacional.<br \/>\n-Imagens meramente ilustrativas<br \/>\n&#8211; Montagem feita pelo cliente ou entrar em contato por email ou whatsapp para cadeiras montadas.<\/p>\n<p>* Entre em contato para sof\u00e1 a partir de 3 lugares<\/p>\n","protected":false},"excerpt":{"rendered":"<p>Perfeito para ambientes de recep\u00e7\u00e3o, o Sof\u00e1 Sublime aposta em um design moderno com curvas leves que favorecem o conforto juntamente com suas diversas op\u00e7\u00f5es de cores que permitem o encaixe perfeito com a proposta do ambiente. Possui prote\u00e7\u00e3o contra corros\u00e3o, superf\u00edcie revestida por pintura eletrost\u00e1tica ep\u00f3xi p\u00f3 cromado. Al\u00e9m disso, conta com estrutura com [&#8230;]\n","protected":false},"featured_media":2255,"template":"","meta":[],"product_cat":[112],"product_tag":[],"_links":{"self":[{"href":"https:\/\/fortflex.com.br\/loja\/wp-json\/wp\/v2\/product\/2251"}],"collection":[{"href":"https:\/\/fortflex.com.br\/loja\/wp-json\/wp\/v2\/product"}],"about":[{"href":"https:\/\/fortflex.com.br\/loja\/wp-json\/wp\/v2\/types\/product"}],"wp:featuredmedia":[{"embeddable":true,"href":"https:\/\/fortflex.com.br\/loja\/wp-json\/wp\/v2\/media\/2255"}],"wp:attachment":[{"href":"https:\/\/fortflex.com.br\/loja\/wp-json\/wp\/v2\/media?parent=2251"}],"wp:term":[{"taxonomy":"product_cat","embeddable":true,"href":"https:\/\/fortflex.com.br\/loja\/wp-json\/wp\/v2\/product_cat?post=2251"},{"taxonomy":"product_tag","embeddable":true,"href":"https:\/\/fortflex.com.br\/loja\/wp-json\/wp\/v2\/product_tag?post=2251"}],"curies":[{"name":"wp","href":"https:\/\/api.w.org\/{rel}","templated":true}]}}