{"id":2288,"date":"2021-03-02T14:52:17","date_gmt":"2021-03-02T17:52:17","guid":{"rendered":"https:\/\/fortflex.com.br\/loja\/?post_type=product&#038;p=2288"},"modified":"2021-07-02T10:51:23","modified_gmt":"2021-07-02T13:51:23","slug":"mocho-com-encosto-regulavel-base-cinza","status":"publish","type":"product","link":"https:\/\/fortflex.com.br\/loja\/produto\/mocho-com-encosto-regulavel-base-cinza\/","title":{"rendered":"Mocho com encosto regul\u00e1vel (Base Cromada)"},"content":{"rendered":"<p>Mocho girat\u00f3rio<\/p>\n<p>\u2013 Assento redondo em espuma injetada;<br \/>\n\u2013 Encosto regul\u00e1vel;<br \/>\n\u2013 Regulagem de altura no assento a g\u00e1s;<br \/>\n\u2013 Revestimento: couro ecol\u00f3gico (cor a definir)<br \/>\n\u2013 Rod\u00edzios ou sapatas;<br \/>\n\u2013 Base cromada;<br \/>\n-Garantia: 1 ano<\/p>\n<p>Medidas:<\/p>\n<p>&#8211; O prazo de envio do seu pedido fica em <strong>at\u00e9 30 dias corridos<\/strong> ap\u00f3s a confirma\u00e7\u00e3o do pagamento. Pedidos aprovados ap\u00f3s \u00e0s 17:30h, nos finais de semana ou feriados, come\u00e7am a contar o prazo somente no segundo dia \u00fatil subsequente.<br \/>\nMaiores informa\u00e7\u00f5es entre em contato conosco.<br \/>\nInstru\u00e7\u00f5es de limpeza: n\u00e3o utilizar produtos abrasivos, limpar com flanela ou pano \u00famido e sab\u00e3o neutro.<br \/>\n-Produto Nacional.<br \/>\n-Imagens meramente ilustrativas<br \/>\n&#8211; Montagem feita pelo cliente ou entrar em contato por email ou whatsapp para cadeiras montadas.<\/p>\n","protected":false},"excerpt":{"rendered":"<p>Mocho girat\u00f3rio \u2013 Assento redondo em espuma injetada; \u2013 Encosto regul\u00e1vel; \u2013 Regulagem de altura no assento a g\u00e1s; \u2013 Revestimento: couro ecol\u00f3gico (cor a definir) \u2013 Rod\u00edzios ou sapatas; \u2013 Base cromada; -Garantia: 1 ano Medidas: &#8211; O prazo de envio do seu pedido fica em at\u00e9 30 dias corridos ap\u00f3s a confirma\u00e7\u00e3o do [&#8230;]\n","protected":false},"featured_media":2282,"template":"","meta":[],"product_cat":[122],"product_tag":[],"_links":{"self":[{"href":"https:\/\/fortflex.com.br\/loja\/wp-json\/wp\/v2\/product\/2288"}],"collection":[{"href":"https:\/\/fortflex.com.br\/loja\/wp-json\/wp\/v2\/product"}],"about":[{"href":"https:\/\/fortflex.com.br\/loja\/wp-json\/wp\/v2\/types\/product"}],"wp:featuredmedia":[{"embeddable":true,"href":"https:\/\/fortflex.com.br\/loja\/wp-json\/wp\/v2\/media\/2282"}],"wp:attachment":[{"href":"https:\/\/fortflex.com.br\/loja\/wp-json\/wp\/v2\/media?parent=2288"}],"wp:term":[{"taxonomy":"product_cat","embeddable":true,"href":"https:\/\/fortflex.com.br\/loja\/wp-json\/wp\/v2\/product_cat?post=2288"},{"taxonomy":"product_tag","embeddable":true,"href":"https:\/\/fortflex.com.br\/loja\/wp-json\/wp\/v2\/product_tag?post=2288"}],"curies":[{"name":"wp","href":"https:\/\/api.w.org\/{rel}","templated":true}]}}