{"id":2463,"date":"2021-05-06T13:39:27","date_gmt":"2021-05-06T16:39:27","guid":{"rendered":"https:\/\/fortflex.com.br\/loja\/?post_type=product&#038;p=2463"},"modified":"2026-04-20T10:12:46","modified_gmt":"2026-04-20T13:12:46","slug":"cadeira-giratoria-brizza-tela-presidente-back-base-preta","status":"publish","type":"product","link":"https:\/\/fortflex.com.br\/loja\/produto\/cadeira-giratoria-brizza-tela-presidente-back-base-preta\/","title":{"rendered":"Cadeira Girat\u00f3ria Brizza Tela Presidente (Back\/Base Preta\/Tecido Preto)"},"content":{"rendered":"<p>&#8211; Assento com espuma injetada (dens.D45\/55)<br \/>\n&#8211; Base girat\u00f3ria em a\u00e7o com capa de prote\u00e7\u00e3o preta<br \/>\n&#8211; Mecanismo back<br \/>\n&#8211; Rod\u00edzios anti-risco em PU<br \/>\n&#8211; Sistema de regulagem de altura e inclina\u00e7\u00e3o no encosto<br \/>\n&#8211; Regulagem altura do assento a g\u00e1s<br \/>\n&#8211; Apoio Lombar com regulagem de altura<br \/>\n&#8211; Encosto em tela<br \/>\n&#8211; Revestimento: <strong>Tecido Preto<\/strong><br \/>\n&#8211; Bra\u00e7o regul\u00e1vel<br \/>\n&#8211; Cadeira Ergon\u00f4mica conforme a NR17\/NBR13.962<br \/>\nPeso m\u00e1ximo suportado: 120kg<br \/>\nGarantia: 2 anos<\/p>\n<p>\u2013 O prazo de envio do seu pedido fica em at\u00e9 05 dias \u00fateis ap\u00f3s a confirma\u00e7\u00e3o do pagamento. Pedidos aprovados ap\u00f3s \u00e0s 17:30h, nos finais de semana ou feriados, come\u00e7am a contar o prazo somente no segundo dia \u00fatil subsequente.<br \/>\nMaiores informa\u00e7\u00f5es entre em contato conosco.<br \/>\nInstru\u00e7\u00f5es de limpeza: n\u00e3o utilizar produtos abrasivos, limpar com flanela ou pano \u00famido e sab\u00e3o neutro.<br \/>\n&#8211; Produto Nacional.<br \/>\n&#8211; Imagens meramente ilustrativas<br \/>\n\u2013 Montagem feita pelo cliente ou entrar em contato por email ou whatsapp para cadeiras montadas.<\/p>\n","protected":false},"excerpt":{"rendered":"<p>&#8211; Assento com espuma injetada (dens.D45\/55) &#8211; Base girat\u00f3ria em a\u00e7o com capa de prote\u00e7\u00e3o preta &#8211; Mecanismo back &#8211; Rod\u00edzios anti-risco em PU &#8211; Sistema de regulagem de altura e inclina\u00e7\u00e3o no encosto &#8211; Regulagem altura do assento a g\u00e1s &#8211; Apoio Lombar com regulagem de altura &#8211; Encosto em tela &#8211; Revestimento: Tecido [&#8230;]\n","protected":false},"featured_media":1648,"template":"","meta":[],"product_cat":[123],"product_tag":[],"_links":{"self":[{"href":"https:\/\/fortflex.com.br\/loja\/wp-json\/wp\/v2\/product\/2463"}],"collection":[{"href":"https:\/\/fortflex.com.br\/loja\/wp-json\/wp\/v2\/product"}],"about":[{"href":"https:\/\/fortflex.com.br\/loja\/wp-json\/wp\/v2\/types\/product"}],"wp:featuredmedia":[{"embeddable":true,"href":"https:\/\/fortflex.com.br\/loja\/wp-json\/wp\/v2\/media\/1648"}],"wp:attachment":[{"href":"https:\/\/fortflex.com.br\/loja\/wp-json\/wp\/v2\/media?parent=2463"}],"wp:term":[{"taxonomy":"product_cat","embeddable":true,"href":"https:\/\/fortflex.com.br\/loja\/wp-json\/wp\/v2\/product_cat?post=2463"},{"taxonomy":"product_tag","embeddable":true,"href":"https:\/\/fortflex.com.br\/loja\/wp-json\/wp\/v2\/product_tag?post=2463"}],"curies":[{"name":"wp","href":"https:\/\/api.w.org\/{rel}","templated":true}]}}