{"id":2492,"date":"2021-06-10T13:59:29","date_gmt":"2021-06-10T16:59:29","guid":{"rendered":"https:\/\/fortflex.com.br\/loja\/?post_type=product&#038;p=2492"},"modified":"2021-07-05T09:19:08","modified_gmt":"2021-07-05T12:19:08","slug":"cadeira-3-092-fixa-diretor-sbr-4p-estrut-preta","status":"publish","type":"product","link":"https:\/\/fortflex.com.br\/loja\/produto\/cadeira-3-092-fixa-diretor-sbr-4p-estrut-preta\/","title":{"rendered":"Cadeira 3.092 Fixa Diretor &#8211; SBR- 4P- EC (Estrut. Preta)"},"content":{"rendered":"<p>\u2013 Assento e Encosto em espuma de poliuretano (Espessura 50mm)<br \/>\n\u2013 Encosto diretor<br \/>\n&#8211; Sem bra\u00e7os<br \/>\n\u2013 Estrutura fixa em a\u00e7o com acabamento preto (4 p\u00e9s)<br \/>\n\u2013 Revestimento em diversas op\u00e7\u00f5es<br \/>\n\u2013 Peso m\u00e1ximo suportado: 110kg<br \/>\nGarantia: 1 ano<\/p>\n<p>&#8211; O prazo de envio do seu pedido fica em <strong>at\u00e9 30 dias corridos<\/strong> ap\u00f3s a confirma\u00e7\u00e3o do pagamento. Pedidos aprovados ap\u00f3s \u00e0s 17:30h, nos finais de semana ou feriados, come\u00e7am a contar o prazo somente no segundo dia \u00fatil subsequente.<br \/>\nMaiores informa\u00e7\u00f5es entre em contato conosco.<br \/>\nInstru\u00e7\u00f5es de limpeza: n\u00e3o utilizar produtos abrasivos, limpar com flanela ou pano \u00famido e sab\u00e3o neutro.<br \/>\n-Produto Nacional.<br \/>\n-Imagens meramente ilustrativas<br \/>\n&#8211; Montagem feita pelo cliente ou entrar em contato por email ou whatsapp para cadeiras montadas.<\/p>\n","protected":false},"excerpt":{"rendered":"<p>\u2013 Assento e Encosto em espuma de poliuretano (Espessura 50mm) \u2013 Encosto diretor &#8211; Sem bra\u00e7os \u2013 Estrutura fixa em a\u00e7o com acabamento preto (4 p\u00e9s) \u2013 Revestimento em diversas op\u00e7\u00f5es \u2013 Peso m\u00e1ximo suportado: 110kg Garantia: 1 ano &#8211; O prazo de envio do seu pedido fica em at\u00e9 30 dias corridos ap\u00f3s a [&#8230;]\n","protected":false},"featured_media":2493,"template":"","meta":[],"product_cat":[110],"product_tag":[],"_links":{"self":[{"href":"https:\/\/fortflex.com.br\/loja\/wp-json\/wp\/v2\/product\/2492"}],"collection":[{"href":"https:\/\/fortflex.com.br\/loja\/wp-json\/wp\/v2\/product"}],"about":[{"href":"https:\/\/fortflex.com.br\/loja\/wp-json\/wp\/v2\/types\/product"}],"wp:featuredmedia":[{"embeddable":true,"href":"https:\/\/fortflex.com.br\/loja\/wp-json\/wp\/v2\/media\/2493"}],"wp:attachment":[{"href":"https:\/\/fortflex.com.br\/loja\/wp-json\/wp\/v2\/media?parent=2492"}],"wp:term":[{"taxonomy":"product_cat","embeddable":true,"href":"https:\/\/fortflex.com.br\/loja\/wp-json\/wp\/v2\/product_cat?post=2492"},{"taxonomy":"product_tag","embeddable":true,"href":"https:\/\/fortflex.com.br\/loja\/wp-json\/wp\/v2\/product_tag?post=2492"}],"curies":[{"name":"wp","href":"https:\/\/api.w.org\/{rel}","templated":true}]}}