{"id":8075,"date":"2021-07-05T14:13:05","date_gmt":"2021-07-05T17:13:05","guid":{"rendered":"https:\/\/fortflex.com.br\/loja\/?post_type=product&#038;p=8075"},"modified":"2024-02-19T16:49:58","modified_gmt":"2024-02-19T19:49:58","slug":"cadeira-giratoria-mod-3-005-d-back-base-preta-tecido-preto","status":"publish","type":"product","link":"https:\/\/fortflex.com.br\/loja\/produto\/cadeira-giratoria-mod-3-005-d-back-base-preta-tecido-preto\/","title":{"rendered":"Cadeira girat\u00f3ria Mod. 3.005-D (Back\/Base Preta\/Tecido Preto)"},"content":{"rendered":"<p>\u2013 Assento e Encosto com espuma de poliuretano (Espessura 45mm)<br \/>\n\u2013 Base girat\u00f3ria em a\u00e7o com capa preta<br \/>\n\u2013 Mecanismo Back<br \/>\n\u2013 Rod\u00edzios em PP<br \/>\n\u2013 Inclina\u00e7\u00e3o no encosto com bloqueio em v\u00e1rias posi\u00e7\u00f5es e altura<br \/>\n\u2013 Regulagem de altura do assento a g\u00e1s<br \/>\n\u2013 Revestimento em <strong>tecido na cor PRETA<\/strong><br \/>\n\u2013 Bra\u00e7os com acabamento em preto<br \/>\n\u2013 Cadeira Ergon\u00f4mica NR17\/NBR13.962<br \/>\nGarantia: 18 meses.<br \/>\n\u2013 Peso m\u00e1ximo suportado: 120kg<\/p>\n<p>Medidas: Encosto: 430mm larg. x 370mm alt. Alt. encosto 880mm min. X 980mm m\u00e1x. Assento: 430mm larg. x 410mm prof. Alt. assento 450mm min. X 550mm m\u00e1x.<\/p>\n<p>\u2013 O prazo de envio do seu pedido fica em at\u00e9 05 dias \u00fateis ap\u00f3s a confirma\u00e7\u00e3o do pagamento. Pedidos aprovados ap\u00f3s \u00e0s 17:30h, nos finais de semana ou feriados, come\u00e7am a contar o prazo somente no segundo dia \u00fatil subsequente.<br \/>\nMaiores informa\u00e7\u00f5es entre em contato conosco.<br \/>\nInstru\u00e7\u00f5es de limpeza: n\u00e3o utilizar produtos abrasivos, limpar com flanela ou pano \u00famido e sab\u00e3o neutro.<br \/>\n\u2013 Montagem feita pelo cliente ou entrar em contato por email ou whatsapp para cadeiras montadas.<br \/>\n-Produto Nacional.<br \/>\n-Imagens meramente ilustrativas<\/p>\n","protected":false},"excerpt":{"rendered":"<p>\u2013 Assento e Encosto com espuma de poliuretano (Espessura 45mm) \u2013 Base girat\u00f3ria em a\u00e7o com capa preta \u2013 Mecanismo Back \u2013 Rod\u00edzios em PP \u2013 Inclina\u00e7\u00e3o no encosto com bloqueio em v\u00e1rias posi\u00e7\u00f5es e altura \u2013 Regulagem de altura do assento a g\u00e1s \u2013 Revestimento em tecido na cor PRETA \u2013 Bra\u00e7os com acabamento [&#8230;]\n","protected":false},"featured_media":8076,"template":"","meta":[],"product_cat":[123],"product_tag":[],"_links":{"self":[{"href":"https:\/\/fortflex.com.br\/loja\/wp-json\/wp\/v2\/product\/8075"}],"collection":[{"href":"https:\/\/fortflex.com.br\/loja\/wp-json\/wp\/v2\/product"}],"about":[{"href":"https:\/\/fortflex.com.br\/loja\/wp-json\/wp\/v2\/types\/product"}],"wp:featuredmedia":[{"embeddable":true,"href":"https:\/\/fortflex.com.br\/loja\/wp-json\/wp\/v2\/media\/8076"}],"wp:attachment":[{"href":"https:\/\/fortflex.com.br\/loja\/wp-json\/wp\/v2\/media?parent=8075"}],"wp:term":[{"taxonomy":"product_cat","embeddable":true,"href":"https:\/\/fortflex.com.br\/loja\/wp-json\/wp\/v2\/product_cat?post=8075"},{"taxonomy":"product_tag","embeddable":true,"href":"https:\/\/fortflex.com.br\/loja\/wp-json\/wp\/v2\/product_tag?post=8075"}],"curies":[{"name":"wp","href":"https:\/\/api.w.org\/{rel}","templated":true}]}}