{"id":8118,"date":"2021-07-05T14:35:41","date_gmt":"2021-07-05T17:35:41","guid":{"rendered":"https:\/\/fortflex.com.br\/loja\/?post_type=product&#038;p=8118"},"modified":"2026-04-20T10:16:45","modified_gmt":"2026-04-20T13:16:45","slug":"cadeira-fixa-brizza-tela-executiva-base-preta-tecido-preto","status":"publish","type":"product","link":"https:\/\/fortflex.com.br\/loja\/produto\/cadeira-fixa-brizza-tela-executiva-base-preta-tecido-preto\/","title":{"rendered":"Cadeira Fixa Brizza Tela Executiva (Base Preta\/Tecido Preto)"},"content":{"rendered":"<p>&#8211; Assento com espuma injetada (dens.D45\/55)<br \/>\n&#8211;  Estrutura fixa em a\u00e7o de uma polegada de diametro com acabamento preto<br \/>\n&#8211; Sapatas<br \/>\n&#8211; Encosto fixo em tela<br \/>\n&#8211; Apoio Lombar com regulagem de altura<br \/>\n&#8211; Revestimento em <strong>TECIDO PRETO<\/strong><br \/>\n&#8211; Bra\u00e7os em a\u00e7o com apoio de polipropileno<br \/>\n&#8211; Imagens meramente ilustrativas<br \/>\nPeso m\u00e1ximo suportado: 120kg<br \/>\nGarantia:  2 anos <\/p>\n<p>&#8211; O prazo de envio do seu pedido fica em <strong>at\u00e9 05 dias corridos<\/strong> ap\u00f3s a confirma\u00e7\u00e3o do pagamento. Pedidos aprovados ap\u00f3s \u00e0s 17:30h, nos finais de semana ou feriados, come\u00e7am a contar o prazo somente no segundo dia \u00fatil subsequente.<br \/>\nMaiores informa\u00e7\u00f5es entre em contato conosco.<br \/>\nInstru\u00e7\u00f5es de limpeza: n\u00e3o utilizar produtos abrasivos, limpar com flanela ou pano \u00famido e sab\u00e3o neutro.<br \/>\n-Produto Nacional.<br \/>\n-Imagens meramente ilustrativas<br \/>\n&#8211; Montagem feita pelo cliente ou entrar em contato por email ou whatsapp para cadeiras montadas.<\/p>\n","protected":false},"excerpt":{"rendered":"<p>&#8211; Assento com espuma injetada (dens.D45\/55) &#8211; Estrutura fixa em a\u00e7o de uma polegada de diametro com acabamento preto &#8211; Sapatas &#8211; Encosto fixo em tela &#8211; Apoio Lombar com regulagem de altura &#8211; Revestimento em TECIDO PRETO &#8211; Bra\u00e7os em a\u00e7o com apoio de polipropileno &#8211; Imagens meramente ilustrativas Peso m\u00e1ximo suportado: 120kg Garantia: [&#8230;]\n","protected":false},"featured_media":2461,"template":"","meta":[],"product_cat":[123],"product_tag":[],"_links":{"self":[{"href":"https:\/\/fortflex.com.br\/loja\/wp-json\/wp\/v2\/product\/8118"}],"collection":[{"href":"https:\/\/fortflex.com.br\/loja\/wp-json\/wp\/v2\/product"}],"about":[{"href":"https:\/\/fortflex.com.br\/loja\/wp-json\/wp\/v2\/types\/product"}],"wp:featuredmedia":[{"embeddable":true,"href":"https:\/\/fortflex.com.br\/loja\/wp-json\/wp\/v2\/media\/2461"}],"wp:attachment":[{"href":"https:\/\/fortflex.com.br\/loja\/wp-json\/wp\/v2\/media?parent=8118"}],"wp:term":[{"taxonomy":"product_cat","embeddable":true,"href":"https:\/\/fortflex.com.br\/loja\/wp-json\/wp\/v2\/product_cat?post=8118"},{"taxonomy":"product_tag","embeddable":true,"href":"https:\/\/fortflex.com.br\/loja\/wp-json\/wp\/v2\/product_tag?post=8118"}],"curies":[{"name":"wp","href":"https:\/\/api.w.org\/{rel}","templated":true}]}}