{"id":8731,"date":"2021-07-06T12:46:04","date_gmt":"2021-07-06T15:46:04","guid":{"rendered":"https:\/\/fortflex.com.br\/loja\/?post_type=product&#038;p=8731"},"modified":"2021-07-06T17:03:02","modified_gmt":"2021-07-06T20:03:02","slug":"cadeira-giratoria-sem-bracos-3-003-base-preta-couro-ecologico-preto","status":"publish","type":"product","link":"https:\/\/fortflex.com.br\/loja\/produto\/cadeira-giratoria-sem-bracos-3-003-base-preta-couro-ecologico-preto\/","title":{"rendered":"Cadeira Girat\u00f3ria Sem Bra\u00e7os 3.003 (Base Preta\/Couro Ecol\u00f3gico Preto)"},"content":{"rendered":"<p>\u2013 Assento e Encosto com espuma injetada de poliuretano (Espessura 30mm)<br \/>\n\u2013 Base girat\u00f3ria em a\u00e7o com capa preta<br \/>\n\u2013 Mecanismo com regulagem de altura do assento<br \/>\n\u2013 Rod\u00edzios em PP<br \/>\n\u2013 Regulagem de altura do assento a g\u00e1s<br \/>\n\u2013 <strong>Revestimento <strong>Couro Ecol\u00f3gico Preto<\/strong>*<\/strong><br \/>\n\u2013 Peso m\u00e1ximo suportado: 100kg<br \/>\nGarantia: 12 meses<br \/>\nMedidas:<br \/>\nMedidas: Encosto: 420mm larg. x 285mm alt.<br \/>\nAlt. encosto 845mm min. X 980mm m\u00e1x.<br \/>\nAssento: 430mm larg. x 380mm prof.<br \/>\nAlt. assento 455mm min. X 570mm m\u00e1x.<\/p>\n<p>&#8211; O prazo de envio do seu pedido fica em <strong>at\u00e9 05 dias uteis<\/strong> ap\u00f3s a confirma\u00e7\u00e3o do pagamento. Pedidos aprovados ap\u00f3s \u00e0s 17:30h, nos finais de semana ou feriados, come\u00e7am a contar o prazo somente no segundo dia \u00fatil subsequente.<br \/>\nMaiores informa\u00e7\u00f5es entre em contato conosco.<br \/>\nInstru\u00e7\u00f5es de limpeza: n\u00e3o utilizar produtos abrasivos, limpar com flanela ou pano \u00famido e sab\u00e3o neutro.<br \/>\n-Produto Nacional.<br \/>\n-Imagens meramente ilustrativas<br \/>\n&#8211; Montagem feita pelo cliente ou entrar em contato por email ou whatsapp para cadeiras montadas.<\/p>\n","protected":false},"excerpt":{"rendered":"<p>\u2013 Assento e Encosto com espuma injetada de poliuretano (Espessura 30mm) \u2013 Base girat\u00f3ria em a\u00e7o com capa preta \u2013 Mecanismo com regulagem de altura do assento \u2013 Rod\u00edzios em PP \u2013 Regulagem de altura do assento a g\u00e1s \u2013 Revestimento Couro Ecol\u00f3gico Preto* \u2013 Peso m\u00e1ximo suportado: 100kg Garantia: 12 meses Medidas: Medidas: Encosto: [&#8230;]\n","protected":false},"featured_media":2010,"template":"","meta":[],"product_cat":[123],"product_tag":[],"_links":{"self":[{"href":"https:\/\/fortflex.com.br\/loja\/wp-json\/wp\/v2\/product\/8731"}],"collection":[{"href":"https:\/\/fortflex.com.br\/loja\/wp-json\/wp\/v2\/product"}],"about":[{"href":"https:\/\/fortflex.com.br\/loja\/wp-json\/wp\/v2\/types\/product"}],"wp:featuredmedia":[{"embeddable":true,"href":"https:\/\/fortflex.com.br\/loja\/wp-json\/wp\/v2\/media\/2010"}],"wp:attachment":[{"href":"https:\/\/fortflex.com.br\/loja\/wp-json\/wp\/v2\/media?parent=8731"}],"wp:term":[{"taxonomy":"product_cat","embeddable":true,"href":"https:\/\/fortflex.com.br\/loja\/wp-json\/wp\/v2\/product_cat?post=8731"},{"taxonomy":"product_tag","embeddable":true,"href":"https:\/\/fortflex.com.br\/loja\/wp-json\/wp\/v2\/product_tag?post=8731"}],"curies":[{"name":"wp","href":"https:\/\/api.w.org\/{rel}","templated":true}]}}