{"id":8949,"date":"2022-07-22T12:57:15","date_gmt":"2022-07-22T15:57:15","guid":{"rendered":"https:\/\/fortflex.com.br\/loja\/?post_type=product&#038;p=8949"},"modified":"2025-12-01T11:45:49","modified_gmt":"2025-12-01T14:45:49","slug":"cadeira-adrix","status":"publish","type":"product","link":"https:\/\/fortflex.com.br\/loja\/produto\/cadeira-adrix\/","title":{"rendered":"Cadeira Girat\u00f3ria Adrix"},"content":{"rendered":"<p>\u2013 Assento com espuma injetada<br \/>\n\u2013 Base girat\u00f3ria em a\u00e7o com capa de prote\u00e7\u00e3o preta<br \/>\n\u2013 Mecanismo relax com bloqueio<br \/>\n\u2013 Rod\u00edzios<br \/>\n\u2013 Regulagem de altura do assento a g\u00e1s<br \/>\n\u2013 Apoio Lombar<br \/>\n\u2013 Encosto em tela preta<br \/>\n\u2013 Revestimento em diversas op\u00e7\u00f5es<br \/>\n\u2013 Bra\u00e7os fixos<br \/>\n\u2013 Peso m\u00e1ximo suportado: 120kg<br \/>\nGarantia: 12 meses<\/p>\n<p>* Consulte- nos para outras cores<\/p>\n<p>\u2013 O prazo de envio do seu pedido fica em at\u00e9 30 dias corridos ap\u00f3s a confirma\u00e7\u00e3o do pagamento. Pedidos aprovados ap\u00f3s \u00e0s 17:30h, nos finais de semana ou feriados, come\u00e7am a contar o prazo somente no segundo dia \u00fatil subsequente.<br \/>\nMaiores informa\u00e7\u00f5es entre em contato conosco.<br \/>\nInstru\u00e7\u00f5es de limpeza: n\u00e3o utilizar produtos abrasivos, limpar com flanela ou pano \u00famido e sab\u00e3o neutro.<br \/>\n-Produto Nacional.<br \/>\n-Imagens meramente ilustrativas<br \/>\n\u2013 Montagem feita pelo cliente ou entrar em contato por email ou whatsapp para cadeiras montadas.<\/p>\n","protected":false},"excerpt":{"rendered":"<p>\u2013 Assento com espuma injetada \u2013 Base girat\u00f3ria em a\u00e7o com capa de prote\u00e7\u00e3o preta \u2013 Mecanismo relax com bloqueio \u2013 Rod\u00edzios \u2013 Regulagem de altura do assento a g\u00e1s \u2013 Apoio Lombar \u2013 Encosto em tela preta \u2013 Revestimento em diversas op\u00e7\u00f5es \u2013 Bra\u00e7os fixos \u2013 Peso m\u00e1ximo suportado: 120kg Garantia: 12 meses * [&#8230;]\n","protected":false},"featured_media":8950,"template":"","meta":[],"product_cat":[109],"product_tag":[],"_links":{"self":[{"href":"https:\/\/fortflex.com.br\/loja\/wp-json\/wp\/v2\/product\/8949"}],"collection":[{"href":"https:\/\/fortflex.com.br\/loja\/wp-json\/wp\/v2\/product"}],"about":[{"href":"https:\/\/fortflex.com.br\/loja\/wp-json\/wp\/v2\/types\/product"}],"wp:featuredmedia":[{"embeddable":true,"href":"https:\/\/fortflex.com.br\/loja\/wp-json\/wp\/v2\/media\/8950"}],"wp:attachment":[{"href":"https:\/\/fortflex.com.br\/loja\/wp-json\/wp\/v2\/media?parent=8949"}],"wp:term":[{"taxonomy":"product_cat","embeddable":true,"href":"https:\/\/fortflex.com.br\/loja\/wp-json\/wp\/v2\/product_cat?post=8949"},{"taxonomy":"product_tag","embeddable":true,"href":"https:\/\/fortflex.com.br\/loja\/wp-json\/wp\/v2\/product_tag?post=8949"}],"curies":[{"name":"wp","href":"https:\/\/api.w.org\/{rel}","templated":true}]}}