{"id":8993,"date":"2023-06-29T17:13:54","date_gmt":"2023-06-29T20:13:54","guid":{"rendered":"https:\/\/fortflex.com.br\/loja\/?post_type=product&#038;p=8993"},"modified":"2026-04-20T10:37:46","modified_gmt":"2026-04-20T13:37:46","slug":"cadeira-giratoria-flash-tela-back-base-preta","status":"publish","type":"product","link":"https:\/\/fortflex.com.br\/loja\/produto\/cadeira-giratoria-flash-tela-back-base-preta\/","title":{"rendered":"Cadeira Girat\u00f3ria Flash Tela (Back\/Base Preta)"},"content":{"rendered":"<p>\u2013 Assento com espuma injetada (dens.D45\/55)<br \/>\n\u2013 Base girat\u00f3ria em a\u00e7o com capa de prote\u00e7\u00e3o preta<br \/>\n\u2013 Mecanismo back<br \/>\n\u2013 Rod\u00edzios anti-risco em PU<br \/>\n\u2013 Sistema de regulagem de altura e inclina\u00e7\u00e3o no encosto<br \/>\n\u2013 Regulagem altura do assento a g\u00e1s<br \/>\n\u2013 Apoio Lombar com regulagem de altura<br \/>\n\u2013 Encosto em tela preta<br \/>\n\u2013 Bra\u00e7o regul\u00e1vel em altura<br \/>\n\u2013 Cadeira Ergon\u00f4mica conforme a NR17\/NBR13.962<br \/>\nPeso m\u00e1ximo suportado: 120kg<br \/>\nGarantia: 2 anos<\/p>\n<p>\u2013 O prazo de envio do seu pedido fica em at\u00e9 30 dias corridos ap\u00f3s a confirma\u00e7\u00e3o do pagamento. Pedidos aprovados ap\u00f3s \u00e0s 17:30h, nos finais de semana ou feriados, come\u00e7am a contar o prazo somente no segundo dia \u00fatil subsequente.<br \/>\nMaiores informa\u00e7\u00f5es entre em contato conosco.<br \/>\nInstru\u00e7\u00f5es de limpeza: n\u00e3o utilizar produtos abrasivos, limpar com flanela ou pano \u00famido e sab\u00e3o neutro.<br \/>\n-Produto Nacional.<br \/>\n-Imagens meramente ilustrativas<br \/>\n\u2013 Montagem feita pelo cliente ou entrar em contato por email ou whatsapp para cadeiras montadas.<\/p>\n","protected":false},"excerpt":{"rendered":"<p>\u2013 Assento com espuma injetada (dens.D45\/55) \u2013 Base girat\u00f3ria em a\u00e7o com capa de prote\u00e7\u00e3o preta \u2013 Mecanismo back \u2013 Rod\u00edzios anti-risco em PU \u2013 Sistema de regulagem de altura e inclina\u00e7\u00e3o no encosto \u2013 Regulagem altura do assento a g\u00e1s \u2013 Apoio Lombar com regulagem de altura \u2013 Encosto em tela preta \u2013 Bra\u00e7o [&#8230;]\n","protected":false},"featured_media":8999,"template":"","meta":[],"product_cat":[123,109],"product_tag":[],"_links":{"self":[{"href":"https:\/\/fortflex.com.br\/loja\/wp-json\/wp\/v2\/product\/8993"}],"collection":[{"href":"https:\/\/fortflex.com.br\/loja\/wp-json\/wp\/v2\/product"}],"about":[{"href":"https:\/\/fortflex.com.br\/loja\/wp-json\/wp\/v2\/types\/product"}],"wp:featuredmedia":[{"embeddable":true,"href":"https:\/\/fortflex.com.br\/loja\/wp-json\/wp\/v2\/media\/8999"}],"wp:attachment":[{"href":"https:\/\/fortflex.com.br\/loja\/wp-json\/wp\/v2\/media?parent=8993"}],"wp:term":[{"taxonomy":"product_cat","embeddable":true,"href":"https:\/\/fortflex.com.br\/loja\/wp-json\/wp\/v2\/product_cat?post=8993"},{"taxonomy":"product_tag","embeddable":true,"href":"https:\/\/fortflex.com.br\/loja\/wp-json\/wp\/v2\/product_tag?post=8993"}],"curies":[{"name":"wp","href":"https:\/\/api.w.org\/{rel}","templated":true}]}}