{"id":9018,"date":"2023-07-13T15:12:20","date_gmt":"2023-07-13T18:12:20","guid":{"rendered":"https:\/\/fortflex.com.br\/loja\/?post_type=product&#038;p=9018"},"modified":"2023-07-13T15:13:39","modified_gmt":"2023-07-13T18:13:39","slug":"banqueta-puff","status":"publish","type":"product","link":"https:\/\/fortflex.com.br\/loja\/produto\/banqueta-puff\/","title":{"rendered":"Banqueta (Puff)"},"content":{"rendered":"<p>Banqueta, banco (puff).<br \/>\n&#8211; Assento estofado revestido em couro ecol\u00f3gico ou tecido<br \/>\n&#8211; Estrutura Preta ou Cromada<br \/>\n&#8211; Garantia: 1 ano<\/p>\n<p>* Entrar em contato para outras cores<\/p>\n<p>\u2013 O prazo de envio do seu pedido fica em at\u00e9 30 dias corridos ap\u00f3s a confirma\u00e7\u00e3o do pagamento. Pedidos aprovados ap\u00f3s \u00e0s 17:30h, nos finais de semana ou feriados, come\u00e7am a contar o prazo somente no segundo dia \u00fatil subsequente.<br \/>\nMaiores informa\u00e7\u00f5es entre em contato conosco.<br \/>\nInstru\u00e7\u00f5es de limpeza: n\u00e3o utilizar produtos abrasivos, limpar com flanela ou pano \u00famido e sab\u00e3o neutro.<br \/>\n-Produto Nacional.<br \/>\n-Imagens meramente ilustrativas<br \/>\n\u2013 Montagem feita pelo cliente ou entrar em contato por email ou whatsapp para cadeiras montadas.<\/p>\n","protected":false},"excerpt":{"rendered":"<p>Banqueta, banco (puff). &#8211; Assento estofado revestido em couro ecol\u00f3gico ou tecido &#8211; Estrutura Preta ou Cromada &#8211; Garantia: 1 ano * Entrar em contato para outras cores \u2013 O prazo de envio do seu pedido fica em at\u00e9 30 dias corridos ap\u00f3s a confirma\u00e7\u00e3o do pagamento. Pedidos aprovados ap\u00f3s \u00e0s 17:30h, nos finais de [&#8230;]\n","protected":false},"featured_media":9019,"template":"","meta":[],"product_cat":[112],"product_tag":[],"_links":{"self":[{"href":"https:\/\/fortflex.com.br\/loja\/wp-json\/wp\/v2\/product\/9018"}],"collection":[{"href":"https:\/\/fortflex.com.br\/loja\/wp-json\/wp\/v2\/product"}],"about":[{"href":"https:\/\/fortflex.com.br\/loja\/wp-json\/wp\/v2\/types\/product"}],"wp:featuredmedia":[{"embeddable":true,"href":"https:\/\/fortflex.com.br\/loja\/wp-json\/wp\/v2\/media\/9019"}],"wp:attachment":[{"href":"https:\/\/fortflex.com.br\/loja\/wp-json\/wp\/v2\/media?parent=9018"}],"wp:term":[{"taxonomy":"product_cat","embeddable":true,"href":"https:\/\/fortflex.com.br\/loja\/wp-json\/wp\/v2\/product_cat?post=9018"},{"taxonomy":"product_tag","embeddable":true,"href":"https:\/\/fortflex.com.br\/loja\/wp-json\/wp\/v2\/product_tag?post=9018"}],"curies":[{"name":"wp","href":"https:\/\/api.w.org\/{rel}","templated":true}]}}