{"id":9064,"date":"2023-09-13T15:03:35","date_gmt":"2023-09-13T18:03:35","guid":{"rendered":"https:\/\/fortflex.com.br\/loja\/?post_type=product&#038;p=9064"},"modified":"2026-04-20T10:43:59","modified_gmt":"2026-04-20T13:43:59","slug":"cadeira-giratoria-darix-x-autoc-base-preta","status":"publish","type":"product","link":"https:\/\/fortflex.com.br\/loja\/produto\/cadeira-giratoria-darix-x-autoc-base-preta\/","title":{"rendered":"Cadeira Girat\u00f3ria Darix X+ (Slider\/Base Preta)"},"content":{"rendered":"<p>Darix \u00e9 adequada para quem busca conforto, performance, ergonomia e modernidade.<\/p>\n<p>Descri\u00e7\u00e3o:<br \/>\n\u2013 Assento <strong>Estofado<\/strong><br \/>\n\u2013 Base girat\u00f3ria em a\u00e7o com capa de prote\u00e7\u00e3o preta<br \/>\n\u2013 Mecanismo autocompensador (syncron)<br \/>\n\u2013 Rod\u00edzios anti-risco em PU<br \/>\n\u2013 Sistema de regulagem de altura<br \/>\n\u2013 Inclina\u00e7\u00e3o no encosto com bloqueio em 3 posi\u00e7\u00f5es<br \/>\n\u2013 Regulagem altura do assento a g\u00e1s<br \/>\n\u2013 Sistema de regulagem de altura e inclina\u00e7\u00e3o do encosto com autocompensador (regulagem de profundidade do assento)<br \/>\n\u2013 Encosto em tela Mesh Preta<br \/>\n\u2013 Apoio de cabe\u00e7a em tela regul\u00e1vel preta<br \/>\n\u2013 Revestimento do assento: Tecido ou vinil<br \/>\n\u2013 Bra\u00e7os com regulagem de altura<br \/>\n\u2013 Cadeira Ergon\u00f4mica conforme a NR17\/NBR13.962<br \/>\n\u2013 Peso m\u00e1ximo suportado: 150kg<br \/>\nGarantia: 3 anos<\/p>\n","protected":false},"excerpt":{"rendered":"<p>Darix \u00e9 adequada para quem busca conforto, performance, ergonomia e modernidade. Descri\u00e7\u00e3o: \u2013 Assento Estofado \u2013 Base girat\u00f3ria em a\u00e7o com capa de prote\u00e7\u00e3o preta \u2013 Mecanismo autocompensador (syncron) \u2013 Rod\u00edzios anti-risco em PU \u2013 Sistema de regulagem de altura \u2013 Inclina\u00e7\u00e3o no encosto com bloqueio em 3 posi\u00e7\u00f5es \u2013 Regulagem altura do assento a [&#8230;]\n","protected":false},"featured_media":9065,"template":"","meta":[],"product_cat":[123,109],"product_tag":[],"_links":{"self":[{"href":"https:\/\/fortflex.com.br\/loja\/wp-json\/wp\/v2\/product\/9064"}],"collection":[{"href":"https:\/\/fortflex.com.br\/loja\/wp-json\/wp\/v2\/product"}],"about":[{"href":"https:\/\/fortflex.com.br\/loja\/wp-json\/wp\/v2\/types\/product"}],"wp:featuredmedia":[{"embeddable":true,"href":"https:\/\/fortflex.com.br\/loja\/wp-json\/wp\/v2\/media\/9065"}],"wp:attachment":[{"href":"https:\/\/fortflex.com.br\/loja\/wp-json\/wp\/v2\/media?parent=9064"}],"wp:term":[{"taxonomy":"product_cat","embeddable":true,"href":"https:\/\/fortflex.com.br\/loja\/wp-json\/wp\/v2\/product_cat?post=9064"},{"taxonomy":"product_tag","embeddable":true,"href":"https:\/\/fortflex.com.br\/loja\/wp-json\/wp\/v2\/product_tag?post=9064"}],"curies":[{"name":"wp","href":"https:\/\/api.w.org\/{rel}","templated":true}]}}