{"id":9211,"date":"2024-05-28T13:48:52","date_gmt":"2024-05-28T16:48:52","guid":{"rendered":"https:\/\/fortflex.com.br\/loja\/?post_type=product&#038;p=9211"},"modified":"2026-01-22T16:08:01","modified_gmt":"2026-01-22T19:08:01","slug":"cadeira-gamer-vizon-dz-azul-mecanismo-sincron","status":"publish","type":"product","link":"https:\/\/fortflex.com.br\/loja\/produto\/cadeira-gamer-vizon-dz-azul-mecanismo-sincron\/","title":{"rendered":"Cadeira Gamer Vizon DZ Azul &#8211; Mecanismo Sincron"},"content":{"rendered":"<p>\u2013 Assento estofado em vinil preto<br \/>\n\u2013 Encosto com apoio de cabe\u00e7a em tela Mesh preta<br \/>\n\u2013 Base girat\u00f3ria em a\u00e7o com capa de prote\u00e7\u00e3o preta<br \/>\n\u2013 Mecanismo sincron (bloqueio em 4 posi\u00f5es, reg. de altura do assento e reg. de tens\u00e3o do relax)<br \/>\n\u2013 Rod\u00edzios anti-risco em PU<br \/>\n\u2013 Bra\u00e7os 3D (reg. de altura, \u00e2ngulo e profundidade)<br \/>\n\u2013 Cadeira Ergon\u00f4mica conforme a NR17\/NBR13.962<br \/>\n\u2013 Peso m\u00e1ximo suportado: 120 kg<br \/>\n&#8211; Cadeira Nacional<br \/>\nGarantia: 2 anos<\/p>\n<p>\u2013 O prazo de envio do seu pedido fica em\u00a0<strong>at\u00e9 30 dias corridos<\/strong>\u00a0ap\u00f3s a confirma\u00e7\u00e3o do pagamento. Pedidos aprovados ap\u00f3s \u00e0s 17:30h, nos finais de semana ou feriados, come\u00e7am a contar o prazo somente no segundo dia \u00fatil subsequente.<br \/>\nMaiores informa\u00e7\u00f5es entre em contato conosco.<br \/>\nInstru\u00e7\u00f5es de limpeza: n\u00e3o utilizar produtos abrasivos, limpar com flanela ou pano \u00famido e sab\u00e3o neutro.<br \/>\n-Produto Nacional.<br \/>\n-Imagens meramente ilustrativas<br \/>\n\u2013 Montagem feita pelo cliente ou entrar em contato por email ou whatsapp para cadeiras montadas.<\/p>\n","protected":false},"excerpt":{"rendered":"<p>\u2013 Assento estofado em vinil preto \u2013 Encosto com apoio de cabe\u00e7a em tela Mesh preta \u2013 Base girat\u00f3ria em a\u00e7o com capa de prote\u00e7\u00e3o preta \u2013 Mecanismo sincron (bloqueio em 4 posi\u00f5es, reg. de altura do assento e reg. de tens\u00e3o do relax) \u2013 Rod\u00edzios anti-risco em PU \u2013 Bra\u00e7os 3D (reg. de altura, [&#8230;]\n","protected":false},"featured_media":9203,"template":"","meta":[],"product_cat":[128,109],"product_tag":[],"_links":{"self":[{"href":"https:\/\/fortflex.com.br\/loja\/wp-json\/wp\/v2\/product\/9211"}],"collection":[{"href":"https:\/\/fortflex.com.br\/loja\/wp-json\/wp\/v2\/product"}],"about":[{"href":"https:\/\/fortflex.com.br\/loja\/wp-json\/wp\/v2\/types\/product"}],"wp:featuredmedia":[{"embeddable":true,"href":"https:\/\/fortflex.com.br\/loja\/wp-json\/wp\/v2\/media\/9203"}],"wp:attachment":[{"href":"https:\/\/fortflex.com.br\/loja\/wp-json\/wp\/v2\/media?parent=9211"}],"wp:term":[{"taxonomy":"product_cat","embeddable":true,"href":"https:\/\/fortflex.com.br\/loja\/wp-json\/wp\/v2\/product_cat?post=9211"},{"taxonomy":"product_tag","embeddable":true,"href":"https:\/\/fortflex.com.br\/loja\/wp-json\/wp\/v2\/product_tag?post=9211"}],"curies":[{"name":"wp","href":"https:\/\/api.w.org\/{rel}","templated":true}]}}