{"id":9215,"date":"2024-06-05T14:16:06","date_gmt":"2024-06-05T17:16:06","guid":{"rendered":"https:\/\/fortflex.com.br\/loja\/?post_type=product&#038;p=9215"},"modified":"2026-04-22T09:49:24","modified_gmt":"2026-04-22T12:49:24","slug":"cadeira-poltrona-giratoria-operativa-plus-size","status":"publish","type":"product","link":"https:\/\/fortflex.com.br\/loja\/produto\/cadeira-poltrona-giratoria-operativa-plus-size\/","title":{"rendered":"Cadeira\/Poltrona Girat\u00f3ria Operativa Plus Size"},"content":{"rendered":"<p>Poltrona Girat\u00f3ria Linha Obeso.<\/p>\n<p>\u2013 Assento e encosto com espuma injetada (espessura 60 mm)<br \/>\n\u2013 Base girat\u00f3ria em a\u00e7o com acabamento preto<br \/>\n&#8211; Bra\u00e7o regul\u00e1vel<br \/>\n\u2013 Rod\u00edzios anti-risco em PU<br \/>\n\u2013 Peso suportado: 185 kg<\/p>\n<p>\u2013 O prazo de envio do seu pedido fica em at\u00e9 30 dias corridos ap\u00f3s a confirma\u00e7\u00e3o do pagamento. Pedidos aprovados ap\u00f3s \u00e0s 17:30h, nos finais de semana ou feriados, come\u00e7am a contar o prazo somente no segundo dia \u00fatil subsequente.<br \/>\nMaiores informa\u00e7\u00f5es entre em contato conosco.<br \/>\nInstru\u00e7\u00f5es de limpeza: n\u00e3o utilizar produtos abrasivos, limpar com flanela ou pano \u00famido e sab\u00e3o neutro.<br \/>\n&#8211; Produto Nacional.<br \/>\n&#8211; Imagens meramente ilustrativas<br \/>\n\u2013 Montagem feita pelo cliente ou entrar em contato por email ou whatsapp para cadeiras montadas.<\/p>\n","protected":false},"excerpt":{"rendered":"<p>Poltrona Girat\u00f3ria Linha Obeso. \u2013 Assento e encosto com espuma injetada (espessura 60 mm) \u2013 Base girat\u00f3ria em a\u00e7o com acabamento preto &#8211; Bra\u00e7o regul\u00e1vel \u2013 Rod\u00edzios anti-risco em PU \u2013 Peso suportado: 185 kg \u2013 O prazo de envio do seu pedido fica em at\u00e9 30 dias corridos ap\u00f3s a confirma\u00e7\u00e3o do pagamento. Pedidos [&#8230;]\n","protected":false},"featured_media":9404,"template":"","meta":[],"product_cat":[128,109],"product_tag":[],"_links":{"self":[{"href":"https:\/\/fortflex.com.br\/loja\/wp-json\/wp\/v2\/product\/9215"}],"collection":[{"href":"https:\/\/fortflex.com.br\/loja\/wp-json\/wp\/v2\/product"}],"about":[{"href":"https:\/\/fortflex.com.br\/loja\/wp-json\/wp\/v2\/types\/product"}],"wp:featuredmedia":[{"embeddable":true,"href":"https:\/\/fortflex.com.br\/loja\/wp-json\/wp\/v2\/media\/9404"}],"wp:attachment":[{"href":"https:\/\/fortflex.com.br\/loja\/wp-json\/wp\/v2\/media?parent=9215"}],"wp:term":[{"taxonomy":"product_cat","embeddable":true,"href":"https:\/\/fortflex.com.br\/loja\/wp-json\/wp\/v2\/product_cat?post=9215"},{"taxonomy":"product_tag","embeddable":true,"href":"https:\/\/fortflex.com.br\/loja\/wp-json\/wp\/v2\/product_tag?post=9215"}],"curies":[{"name":"wp","href":"https:\/\/api.w.org\/{rel}","templated":true}]}}