{"id":9253,"date":"2025-02-06T14:09:44","date_gmt":"2025-02-06T17:09:44","guid":{"rendered":"https:\/\/fortflex.com.br\/loja\/?post_type=product&#038;p=9253"},"modified":"2026-03-31T11:24:50","modified_gmt":"2026-03-31T14:24:50","slug":"cadeira-giratoria-bix-x-sincron-tela-branco-gelo","status":"publish","type":"product","link":"https:\/\/fortflex.com.br\/loja\/produto\/cadeira-giratoria-bix-x-sincron-tela-branco-gelo\/","title":{"rendered":"Cadeira Girat\u00f3ria Bix X+ (Sincron\/Tela Branco Gelo)"},"content":{"rendered":"<p>\u2013 Encosto em tela de pol\u00edmero elastom\u00e9rico na cor <strong>branco\/gelo<\/strong><br \/>\n\u2013 Mecanismo sincron (sistema de regulagem de inclina\u00e7\u00e3o do encosto)<br \/>\n\u2013 Regulagem de altura do assento a g\u00e1s<br \/>\n\u2013 Base girat\u00f3ria cinza piramidal injetada<br \/>\n\u2013 Rod\u00edzios anti-risco em PU<br \/>\n\u2013 Revestimento <strong>TECIDO<\/strong><br \/>\n\u2013 Bra\u00e7os com regulagem de altura<br \/>\n\u2013 Cadeira Ergon\u00f4mica conforme a NR17\/NBR13.962<br \/>\n\u2013 Peso m\u00e1ximo suportado: 120kg<br \/>\nGarantia: 2 anos<\/p>\n<p>\u2013 O prazo de envio do seu pedido fica em at\u00e9 20 dias \u00fateis ap\u00f3s a confirma\u00e7\u00e3o do pagamento. Pedidos aprovados ap\u00f3s \u00e0s 17:30h, nos finais de semana ou feriados, come\u00e7am a contar o prazo somente no segundo dia \u00fatil subsequente.<br \/>\nMaiores informa\u00e7\u00f5es entre em contato conosco.<br \/>\nInstru\u00e7\u00f5es de limpeza: n\u00e3o utilizar produtos abrasivos, limpar com flanela ou pano \u00famido e sab\u00e3o neutro.<br \/>\n\u2013 Produto Nacional.<br \/>\n\u2013 Imagens meramente ilustrativas<br \/>\n\u2013 Montagem feita pelo cliente ou entrar em contato por email ou whatsapp para cadeiras montadas.<\/p>\n","protected":false},"excerpt":{"rendered":"<p>\u2013 Encosto em tela de pol\u00edmero elastom\u00e9rico na cor branco\/gelo \u2013 Mecanismo sincron (sistema de regulagem de inclina\u00e7\u00e3o do encosto) \u2013 Regulagem de altura do assento a g\u00e1s \u2013 Base girat\u00f3ria cinza piramidal injetada \u2013 Rod\u00edzios anti-risco em PU \u2013 Revestimento TECIDO \u2013 Bra\u00e7os com regulagem de altura \u2013 Cadeira Ergon\u00f4mica conforme a NR17\/NBR13.962 \u2013 [&#8230;]\n","protected":false},"featured_media":9134,"template":"","meta":[],"product_cat":[109],"product_tag":[],"_links":{"self":[{"href":"https:\/\/fortflex.com.br\/loja\/wp-json\/wp\/v2\/product\/9253"}],"collection":[{"href":"https:\/\/fortflex.com.br\/loja\/wp-json\/wp\/v2\/product"}],"about":[{"href":"https:\/\/fortflex.com.br\/loja\/wp-json\/wp\/v2\/types\/product"}],"wp:featuredmedia":[{"embeddable":true,"href":"https:\/\/fortflex.com.br\/loja\/wp-json\/wp\/v2\/media\/9134"}],"wp:attachment":[{"href":"https:\/\/fortflex.com.br\/loja\/wp-json\/wp\/v2\/media?parent=9253"}],"wp:term":[{"taxonomy":"product_cat","embeddable":true,"href":"https:\/\/fortflex.com.br\/loja\/wp-json\/wp\/v2\/product_cat?post=9253"},{"taxonomy":"product_tag","embeddable":true,"href":"https:\/\/fortflex.com.br\/loja\/wp-json\/wp\/v2\/product_tag?post=9253"}],"curies":[{"name":"wp","href":"https:\/\/api.w.org\/{rel}","templated":true}]}}