{"id":9331,"date":"2025-07-30T16:00:30","date_gmt":"2025-07-30T19:00:30","guid":{"rendered":"https:\/\/fortflex.com.br\/loja\/?post_type=product&#038;p=9331"},"modified":"2026-04-15T13:26:46","modified_gmt":"2026-04-15T16:26:46","slug":"elyze-cadeira-giratoria-base-fixa","status":"publish","type":"product","link":"https:\/\/fortflex.com.br\/loja\/produto\/elyze-cadeira-giratoria-base-fixa\/","title":{"rendered":"Elyze Cadeira Girat\u00f3ria (Base Fixa)"},"content":{"rendered":"<p>Concha: Bucl\u00ea<br \/>\nAssento Estofado: Bucl\u00ea<br \/>\nMecanismos: Plataforma Diretor<br \/>\nBases: A\u00e7o Cromado<\/p>\n<p>\u2013 O prazo de envio do seu pedido fica em at\u00e9 30 dias corridos ap\u00f3s a confirma\u00e7\u00e3o do pagamento. Pedidos aprovados ap\u00f3s \u00e0s 17:30h, nos finais de semana ou feriados, come\u00e7am a contar o prazo somente no segundo dia \u00fatil subsequente.<br \/>\nMaiores informa\u00e7\u00f5es entre em contato conosco.<br \/>\nInstru\u00e7\u00f5es de limpeza: n\u00e3o utilizar produtos abrasivos, limpar com flanela ou pano \u00famido e sab\u00e3o neutro.<br \/>\n\u2013 Produto Nacional.<br \/>\n\u2013 Imagens meramente ilustrativas<br \/>\n\u2013 Montagem feita pelo cliente ou entrar em contato por email ou whatsapp para cadeiras montadas.<\/p>\n","protected":false},"excerpt":{"rendered":"<p>Concha: Bucl\u00ea Assento Estofado: Bucl\u00ea Mecanismos: Plataforma Diretor Bases: A\u00e7o Cromado \u2013 O prazo de envio do seu pedido fica em at\u00e9 30 dias corridos ap\u00f3s a confirma\u00e7\u00e3o do pagamento. Pedidos aprovados ap\u00f3s \u00e0s 17:30h, nos finais de semana ou feriados, come\u00e7am a contar o prazo somente no segundo dia \u00fatil subsequente. Maiores informa\u00e7\u00f5es entre [&#8230;]\n","protected":false},"featured_media":9332,"template":"","meta":[],"product_cat":[128,110,112],"product_tag":[],"_links":{"self":[{"href":"https:\/\/fortflex.com.br\/loja\/wp-json\/wp\/v2\/product\/9331"}],"collection":[{"href":"https:\/\/fortflex.com.br\/loja\/wp-json\/wp\/v2\/product"}],"about":[{"href":"https:\/\/fortflex.com.br\/loja\/wp-json\/wp\/v2\/types\/product"}],"wp:featuredmedia":[{"embeddable":true,"href":"https:\/\/fortflex.com.br\/loja\/wp-json\/wp\/v2\/media\/9332"}],"wp:attachment":[{"href":"https:\/\/fortflex.com.br\/loja\/wp-json\/wp\/v2\/media?parent=9331"}],"wp:term":[{"taxonomy":"product_cat","embeddable":true,"href":"https:\/\/fortflex.com.br\/loja\/wp-json\/wp\/v2\/product_cat?post=9331"},{"taxonomy":"product_tag","embeddable":true,"href":"https:\/\/fortflex.com.br\/loja\/wp-json\/wp\/v2\/product_tag?post=9331"}],"curies":[{"name":"wp","href":"https:\/\/api.w.org\/{rel}","templated":true}]}}