{"id":9377,"date":"2025-11-25T08:46:05","date_gmt":"2025-11-25T11:46:05","guid":{"rendered":"https:\/\/fortflex.com.br\/loja\/?post_type=product&#038;p=9377"},"modified":"2025-11-25T08:56:53","modified_gmt":"2025-11-25T11:56:53","slug":"cadeira-giratoria-caixa-alta-diretor-modelo-bigger-size-plus","status":"publish","type":"product","link":"https:\/\/fortflex.com.br\/loja\/produto\/cadeira-giratoria-caixa-alta-diretor-modelo-bigger-size-plus\/","title":{"rendered":"Cadeira Girat\u00f3ria Caixa Alta Diretor Bigger Size Plus \u2013 Suporta at\u00e9 150kg"},"content":{"rendered":"<p>Modelo Bigger Size Plus<br \/>\nCadeira Caixa Alta Diretor Girat\u00f3ria para Portaria, com bra\u00e7os fixos em PU, aro de apoio para os p\u00e9s e sapatas.<br \/>\n\u2013 Revestimento: Couro sint\u00e9tico ou tecido preto.<br \/>\nSuporta at\u00e9 150 kg.<\/p>\n<p>\u2013 O prazo de envio do seu pedido fica em at\u00e9 30 dias corridos ap\u00f3s a confirma\u00e7\u00e3o do pagamento. Pedidos aprovados ap\u00f3s \u00e0s 17:30h, nos finais de semana ou feriados, come\u00e7am a contar o prazo somente no segundo dia \u00fatil subsequente.<br \/>\nMaiores informa\u00e7\u00f5es entre em contato conosco.<br \/>\nInstru\u00e7\u00f5es de limpeza: n\u00e3o utilizar produtos abrasivos, limpar com flanela ou pano \u00famido e sab\u00e3o neutro.<br \/>\n&#8211; Produto Nacional.<br \/>\n&#8211; Imagens meramente ilustrativas<br \/>\n\u2013 Montagem feita pelo cliente ou entrar em contato por email ou whatsapp para cadeiras montadas.<\/p>\n","protected":false},"excerpt":{"rendered":"<p>Modelo Bigger Size Plus Cadeira Caixa Alta Diretor Girat\u00f3ria para Portaria, com bra\u00e7os fixos em PU, aro de apoio para os p\u00e9s e sapatas. \u2013 Revestimento: Couro sint\u00e9tico ou tecido preto. Suporta at\u00e9 150 kg. \u2013 O prazo de envio do seu pedido fica em at\u00e9 30 dias corridos ap\u00f3s a confirma\u00e7\u00e3o do pagamento. Pedidos [&#8230;]\n","protected":false},"featured_media":9380,"template":"","meta":[],"product_cat":[122,109],"product_tag":[],"_links":{"self":[{"href":"https:\/\/fortflex.com.br\/loja\/wp-json\/wp\/v2\/product\/9377"}],"collection":[{"href":"https:\/\/fortflex.com.br\/loja\/wp-json\/wp\/v2\/product"}],"about":[{"href":"https:\/\/fortflex.com.br\/loja\/wp-json\/wp\/v2\/types\/product"}],"wp:featuredmedia":[{"embeddable":true,"href":"https:\/\/fortflex.com.br\/loja\/wp-json\/wp\/v2\/media\/9380"}],"wp:attachment":[{"href":"https:\/\/fortflex.com.br\/loja\/wp-json\/wp\/v2\/media?parent=9377"}],"wp:term":[{"taxonomy":"product_cat","embeddable":true,"href":"https:\/\/fortflex.com.br\/loja\/wp-json\/wp\/v2\/product_cat?post=9377"},{"taxonomy":"product_tag","embeddable":true,"href":"https:\/\/fortflex.com.br\/loja\/wp-json\/wp\/v2\/product_tag?post=9377"}],"curies":[{"name":"wp","href":"https:\/\/api.w.org\/{rel}","templated":true}]}}