{"id":9419,"date":"2026-02-23T08:32:03","date_gmt":"2026-02-23T11:32:03","guid":{"rendered":"https:\/\/fortflex.com.br\/loja\/?post_type=product&#038;p=9419"},"modified":"2026-04-22T09:44:51","modified_gmt":"2026-04-22T12:44:51","slug":"cadeira-giratoria-nexa-menta-com-apoio-de-cabeca-slider","status":"publish","type":"product","link":"https:\/\/fortflex.com.br\/loja\/produto\/cadeira-giratoria-nexa-menta-com-apoio-de-cabeca-slider\/","title":{"rendered":"Cadeira Girat\u00f3ria Nexa Menta com Apoio de Cabe\u00e7a (Slider)"},"content":{"rendered":"<p>Assento e Encosto: Estofado &#8211; Revestimento Menta<br \/>\nApoio de bra\u00e7o: 3D em PU, regul\u00e1vel<br \/>\nMecanismo: Slider (regulagem de altura e profundidade do assento)<br \/>\nBase: Piramidal injetada cinza<br \/>\nRod\u00edzios<\/p>\n<p>Montagem: Realizada pelo cliente<br \/>\nCaso prefira receber a cadeira montada, favor entrar em contato via e-mail ou WhatsApp para verificar disponibilidade.<\/p>\n<p>Prazo de Envio<br \/>\nO prazo de envio \u00e9 de at\u00e9 30 dias corridos ap\u00f3s a confirma\u00e7\u00e3o do pagamento.<br \/>\nPedidos aprovados ap\u00f3s \u00e0s 17h30, aos finais de semana ou feriados, ter\u00e3o o prazo iniciado no segundo dia \u00fatil subsequente.<\/p>\n<p>Para mais informa\u00e7\u00f5es, entre em contato conosco.<\/p>\n","protected":false},"excerpt":{"rendered":"<p>Assento e Encosto: Estofado &#8211; Revestimento Menta Apoio de bra\u00e7o: 3D em PU, regul\u00e1vel Mecanismo: Slider (regulagem de altura e profundidade do assento) Base: Piramidal injetada cinza Rod\u00edzios Montagem: Realizada pelo cliente Caso prefira receber a cadeira montada, favor entrar em contato via e-mail ou WhatsApp para verificar disponibilidade. Prazo de Envio O prazo de [&#8230;]\n","protected":false},"featured_media":9420,"template":"","meta":[],"product_cat":[128,109],"product_tag":[],"_links":{"self":[{"href":"https:\/\/fortflex.com.br\/loja\/wp-json\/wp\/v2\/product\/9419"}],"collection":[{"href":"https:\/\/fortflex.com.br\/loja\/wp-json\/wp\/v2\/product"}],"about":[{"href":"https:\/\/fortflex.com.br\/loja\/wp-json\/wp\/v2\/types\/product"}],"wp:featuredmedia":[{"embeddable":true,"href":"https:\/\/fortflex.com.br\/loja\/wp-json\/wp\/v2\/media\/9420"}],"wp:attachment":[{"href":"https:\/\/fortflex.com.br\/loja\/wp-json\/wp\/v2\/media?parent=9419"}],"wp:term":[{"taxonomy":"product_cat","embeddable":true,"href":"https:\/\/fortflex.com.br\/loja\/wp-json\/wp\/v2\/product_cat?post=9419"},{"taxonomy":"product_tag","embeddable":true,"href":"https:\/\/fortflex.com.br\/loja\/wp-json\/wp\/v2\/product_tag?post=9419"}],"curies":[{"name":"wp","href":"https:\/\/api.w.org\/{rel}","templated":true}]}}