{"id":9425,"date":"2026-03-02T09:51:00","date_gmt":"2026-03-02T12:51:00","guid":{"rendered":"https:\/\/fortflex.com.br\/loja\/?post_type=product&#038;p=9425"},"modified":"2026-03-02T09:54:09","modified_gmt":"2026-03-02T12:54:09","slug":"cadeira-industrial-baixa-base-preta-copia","status":"publish","type":"product","link":"https:\/\/fortflex.com.br\/loja\/produto\/cadeira-industrial-baixa-base-preta-copia\/","title":{"rendered":"Cadeira Industrial Baixa (Base Preta)"},"content":{"rendered":"<p>Banco Semi-Sentado<\/p>\n<p>&#8211; Assento e encosto em poliuretano injetado (PU) lav\u00e1vel,<br \/>\n&#8211; Mecanismo Back (altura e inclina\u00e7\u00e3o do encosto)<br \/>\n\u2013 Regulagem de altura no assento a g\u00e1s(40 a 50cm);<br \/>\n\u2013 Sapatas ou rodizios;<br \/>\n\u2013 Base preta com aro;<br \/>\n-Garantia: 1 ano<\/p>\n<p>&#8211; O prazo de envio do seu pedido fica em <strong>at\u00e9 30 dias corridos<\/strong> ap\u00f3s a confirma\u00e7\u00e3o do pagamento. Pedidos aprovados ap\u00f3s \u00e0s 17:30h, nos finais de semana ou feriados, come\u00e7am a contar o prazo somente no segundo dia \u00fatil subsequente.<br \/>\nMaiores informa\u00e7\u00f5es entre em contato conosco.<br \/>\nInstru\u00e7\u00f5es de limpeza: n\u00e3o utilizar produtos abrasivos, limpar com flanela ou pano \u00famido e sab\u00e3o neutro.<br \/>\n-Produto Nacional.<br \/>\n-Imagens meramente ilustrativas<br \/>\n&#8211; Montagem feita pelo cliente ou entrar em contato por email ou whatsapp para cadeiras montadas.<\/p>\n","protected":false},"excerpt":{"rendered":"<p>Banco Semi-Sentado &#8211; Assento e encosto em poliuretano injetado (PU) lav\u00e1vel, &#8211; Mecanismo Back (altura e inclina\u00e7\u00e3o do encosto) \u2013 Regulagem de altura no assento a g\u00e1s(40 a 50cm); \u2013 Sapatas ou rodizios; \u2013 Base preta com aro; -Garantia: 1 ano &#8211; O prazo de envio do seu pedido fica em at\u00e9 30 dias corridos [&#8230;]\n","protected":false},"featured_media":9426,"template":"","meta":[],"product_cat":[122],"product_tag":[],"_links":{"self":[{"href":"https:\/\/fortflex.com.br\/loja\/wp-json\/wp\/v2\/product\/9425"}],"collection":[{"href":"https:\/\/fortflex.com.br\/loja\/wp-json\/wp\/v2\/product"}],"about":[{"href":"https:\/\/fortflex.com.br\/loja\/wp-json\/wp\/v2\/types\/product"}],"wp:featuredmedia":[{"embeddable":true,"href":"https:\/\/fortflex.com.br\/loja\/wp-json\/wp\/v2\/media\/9426"}],"wp:attachment":[{"href":"https:\/\/fortflex.com.br\/loja\/wp-json\/wp\/v2\/media?parent=9425"}],"wp:term":[{"taxonomy":"product_cat","embeddable":true,"href":"https:\/\/fortflex.com.br\/loja\/wp-json\/wp\/v2\/product_cat?post=9425"},{"taxonomy":"product_tag","embeddable":true,"href":"https:\/\/fortflex.com.br\/loja\/wp-json\/wp\/v2\/product_tag?post=9425"}],"curies":[{"name":"wp","href":"https:\/\/api.w.org\/{rel}","templated":true}]}}