{"id":9428,"date":"2026-03-03T08:44:27","date_gmt":"2026-03-03T11:44:27","guid":{"rendered":"https:\/\/fortflex.com.br\/loja\/?post_type=product&#038;p=9428"},"modified":"2026-04-20T10:47:48","modified_gmt":"2026-04-20T13:47:48","slug":"cadeira-poltrona-giratoria-braver-base-aluminio","status":"publish","type":"product","link":"https:\/\/fortflex.com.br\/loja\/produto\/cadeira-poltrona-giratoria-braver-base-aluminio\/","title":{"rendered":"Cadeira\/Poltrona Girat\u00f3ria Braver (Base Alum\u00ednio)"},"content":{"rendered":"<p>Poltrona Modelo Braver<br \/>\nRod\u00edzios: Duplos<br \/>\nBase \/ Estrutura: Alum\u00ednio<br \/>\nMecanismo: Exc\u00eantrico (bloqueio em 3 posi\u00e7\u00f5es e regulagem de tens\u00e3o do relax)<br \/>\nApoios de bra\u00e7o: Fixo<\/p>\n<p>Montagem:<br \/>\nA montagem \u00e9 realizada pelo cliente. Caso prefira receber a cadeira montada, entre em contato via e-mail ou WhatsApp para verificar disponibilidade.<\/p>\n<p>Prazo de Envio:<br \/>\nO envio ocorre em at\u00e9 30 dias corridos ap\u00f3s a confirma\u00e7\u00e3o do pagamento.<br \/>\nPedidos aprovados ap\u00f3s \u00e0s 17h30, aos finais de semana ou feriados, ter\u00e3o o prazo iniciado no segundo dia \u00fatil subsequente.<\/p>\n<p>Para mais informa\u00e7\u00f5es, entre em contato conosco.<\/p>\n","protected":false},"excerpt":{"rendered":"<p>Poltrona Modelo Braver Rod\u00edzios: Duplos Base \/ Estrutura: Alum\u00ednio Mecanismo: Exc\u00eantrico (bloqueio em 3 posi\u00e7\u00f5es e regulagem de tens\u00e3o do relax) Apoios de bra\u00e7o: Fixo Montagem: A montagem \u00e9 realizada pelo cliente. Caso prefira receber a cadeira montada, entre em contato via e-mail ou WhatsApp para verificar disponibilidade. Prazo de Envio: O envio ocorre em [&#8230;]\n","protected":false},"featured_media":9430,"template":"","meta":[],"product_cat":[128,109],"product_tag":[],"_links":{"self":[{"href":"https:\/\/fortflex.com.br\/loja\/wp-json\/wp\/v2\/product\/9428"}],"collection":[{"href":"https:\/\/fortflex.com.br\/loja\/wp-json\/wp\/v2\/product"}],"about":[{"href":"https:\/\/fortflex.com.br\/loja\/wp-json\/wp\/v2\/types\/product"}],"wp:featuredmedia":[{"embeddable":true,"href":"https:\/\/fortflex.com.br\/loja\/wp-json\/wp\/v2\/media\/9430"}],"wp:attachment":[{"href":"https:\/\/fortflex.com.br\/loja\/wp-json\/wp\/v2\/media?parent=9428"}],"wp:term":[{"taxonomy":"product_cat","embeddable":true,"href":"https:\/\/fortflex.com.br\/loja\/wp-json\/wp\/v2\/product_cat?post=9428"},{"taxonomy":"product_tag","embeddable":true,"href":"https:\/\/fortflex.com.br\/loja\/wp-json\/wp\/v2\/product_tag?post=9428"}],"curies":[{"name":"wp","href":"https:\/\/api.w.org\/{rel}","templated":true}]}}