{"id":9485,"date":"2026-04-20T11:59:41","date_gmt":"2026-04-20T14:59:41","guid":{"rendered":"https:\/\/fortflex.com.br\/loja\/?post_type=product&#038;p=9485"},"modified":"2026-04-20T12:03:37","modified_gmt":"2026-04-20T15:03:37","slug":"cadeira-giratoria-duna-sbr","status":"publish","type":"product","link":"https:\/\/fortflex.com.br\/loja\/produto\/cadeira-giratoria-duna-sbr\/","title":{"rendered":"Cadeira Girat\u00f3ria Duna &#8211; SBR"},"content":{"rendered":"<p>Cadeira girat\u00f3ria Duna<\/p>\n<p>Base: Standard Secret\u00e1ria<br \/>\nEncosto em termopl\u00e1stico e Assento estofado (cor a definir)<br \/>\nRod\u00edzios: PU<br \/>\n<strong>Sem Bra\u00e7os<\/strong><\/p>\n<p>Suporte de peso 110kg<\/p>\n<p>\u2013 O prazo de envio do seu pedido fica em at\u00e9 30 dias corridos ap\u00f3s a confirma\u00e7\u00e3o do pagamento. Pedidos aprovados ap\u00f3s \u00e0s 17:30h, nos finais de semana ou feriados, come\u00e7am a contar o prazo somente no segundo dia \u00fatil subsequente.<br \/>\nMaiores informa\u00e7\u00f5es entre em contato conosco.<br \/>\nInstru\u00e7\u00f5es de limpeza: n\u00e3o utilizar produtos abrasivos, limpar com flanela ou pano \u00famido e sab\u00e3o neutro.<br \/>\n\u2013 Produto Nacional.<br \/>\n\u2013 Imagens meramente ilustrativas<br \/>\n\u2013 Montagem feita pelo cliente ou entrar em contato por email ou whatsapp para cadeiras montadas.<\/p>\n","protected":false},"excerpt":{"rendered":"<p>Cadeira girat\u00f3ria Duna Base: Standard Secret\u00e1ria Encosto em termopl\u00e1stico e Assento estofado (cor a definir) Rod\u00edzios: PU Sem Bra\u00e7os Suporte de peso 110kg \u2013 O prazo de envio do seu pedido fica em at\u00e9 30 dias corridos ap\u00f3s a confirma\u00e7\u00e3o do pagamento. Pedidos aprovados ap\u00f3s \u00e0s 17:30h, nos finais de semana ou feriados, come\u00e7am a [&#8230;]\n","protected":false},"featured_media":9491,"template":"","meta":[],"product_cat":[109],"product_tag":[],"_links":{"self":[{"href":"https:\/\/fortflex.com.br\/loja\/wp-json\/wp\/v2\/product\/9485"}],"collection":[{"href":"https:\/\/fortflex.com.br\/loja\/wp-json\/wp\/v2\/product"}],"about":[{"href":"https:\/\/fortflex.com.br\/loja\/wp-json\/wp\/v2\/types\/product"}],"wp:featuredmedia":[{"embeddable":true,"href":"https:\/\/fortflex.com.br\/loja\/wp-json\/wp\/v2\/media\/9491"}],"wp:attachment":[{"href":"https:\/\/fortflex.com.br\/loja\/wp-json\/wp\/v2\/media?parent=9485"}],"wp:term":[{"taxonomy":"product_cat","embeddable":true,"href":"https:\/\/fortflex.com.br\/loja\/wp-json\/wp\/v2\/product_cat?post=9485"},{"taxonomy":"product_tag","embeddable":true,"href":"https:\/\/fortflex.com.br\/loja\/wp-json\/wp\/v2\/product_tag?post=9485"}],"curies":[{"name":"wp","href":"https:\/\/api.w.org\/{rel}","templated":true}]}}