{"id":9492,"date":"2026-04-20T12:24:38","date_gmt":"2026-04-20T15:24:38","guid":{"rendered":"https:\/\/fortflex.com.br\/loja\/?post_type=product&#038;p=9492"},"modified":"2026-04-20T12:34:31","modified_gmt":"2026-04-20T15:34:31","slug":"cadeira-fixa-duna-trapezoidal","status":"publish","type":"product","link":"https:\/\/fortflex.com.br\/loja\/produto\/cadeira-fixa-duna-trapezoidal\/","title":{"rendered":"Cadeira Fixa Duna 4 p\u00e9s &#8211; BR"},"content":{"rendered":"<p>Cadeira Fixa Duna<\/p>\n<p>Estrutura: 4 p\u00e9s &#8211; Preta<br \/>\nBra\u00e7o fixo<br \/>\nEncosto em termopl\u00e1stico e assento estofado.<\/p>\n<p>Suporte de peso 110kg<\/p>\n<p>\u2013 O prazo de envio do seu pedido fica em at\u00e9 30 dias corridos ap\u00f3s a confirma\u00e7\u00e3o do pagamento. Pedidos aprovados ap\u00f3s \u00e0s 17:30h, nos finais de semana ou feriados, come\u00e7am a contar o prazo somente no segundo dia \u00fatil subsequente.<br \/>\nMaiores informa\u00e7\u00f5es entre em contato conosco.<br \/>\nInstru\u00e7\u00f5es de limpeza: n\u00e3o utilizar produtos abrasivos, limpar com flanela ou pano \u00famido e sab\u00e3o neutro.<br \/>\n\u2013 Produto Nacional.<br \/>\n\u2013 Imagens meramente ilustrativas<br \/>\n\u2013 Montagem feita pelo cliente ou entrar em contato por email ou whatsapp para cadeiras montadas.<\/p>\n","protected":false},"excerpt":{"rendered":"<p>Cadeira Fixa Duna Estrutura: 4 p\u00e9s &#8211; Preta Bra\u00e7o fixo Encosto em termopl\u00e1stico e assento estofado. Suporte de peso 110kg \u2013 O prazo de envio do seu pedido fica em at\u00e9 30 dias corridos ap\u00f3s a confirma\u00e7\u00e3o do pagamento. Pedidos aprovados ap\u00f3s \u00e0s 17:30h, nos finais de semana ou feriados, come\u00e7am a contar o prazo [&#8230;]\n","protected":false},"featured_media":9501,"template":"","meta":[],"product_cat":[110],"product_tag":[],"_links":{"self":[{"href":"https:\/\/fortflex.com.br\/loja\/wp-json\/wp\/v2\/product\/9492"}],"collection":[{"href":"https:\/\/fortflex.com.br\/loja\/wp-json\/wp\/v2\/product"}],"about":[{"href":"https:\/\/fortflex.com.br\/loja\/wp-json\/wp\/v2\/types\/product"}],"wp:featuredmedia":[{"embeddable":true,"href":"https:\/\/fortflex.com.br\/loja\/wp-json\/wp\/v2\/media\/9501"}],"wp:attachment":[{"href":"https:\/\/fortflex.com.br\/loja\/wp-json\/wp\/v2\/media?parent=9492"}],"wp:term":[{"taxonomy":"product_cat","embeddable":true,"href":"https:\/\/fortflex.com.br\/loja\/wp-json\/wp\/v2\/product_cat?post=9492"},{"taxonomy":"product_tag","embeddable":true,"href":"https:\/\/fortflex.com.br\/loja\/wp-json\/wp\/v2\/product_tag?post=9492"}],"curies":[{"name":"wp","href":"https:\/\/api.w.org\/{rel}","templated":true}]}}