{"id":9511,"date":"2026-04-20T12:52:24","date_gmt":"2026-04-20T15:52:24","guid":{"rendered":"https:\/\/fortflex.com.br\/loja\/?post_type=product&#038;p=9511"},"modified":"2026-04-20T12:54:59","modified_gmt":"2026-04-20T15:54:59","slug":"longarina-duna-sbr-3-lugares","status":"publish","type":"product","link":"https:\/\/fortflex.com.br\/loja\/produto\/longarina-duna-sbr-3-lugares\/","title":{"rendered":"Longarina Duna &#8211; SBR &#8211; 3 Lugares"},"content":{"rendered":"<p>Longarina Duna &#8211; 3 Lugares<\/p>\n<p>Bases \/ Estruturas: Preta<br \/>\nAssento estofado (cor a definir)<br \/>\n<strong>Sem bra\u00e7os<\/strong><\/p>\n<p>\u2013 O prazo de envio do seu pedido fica em at\u00e9 30 dias corridos ap\u00f3s a confirma\u00e7\u00e3o do pagamento. Pedidos aprovados ap\u00f3s \u00e0s 17:30h, nos finais de semana ou feriados, come\u00e7am a contar o prazo somente no segundo dia \u00fatil subsequente.<br \/>\nMaiores informa\u00e7\u00f5es entre em contato conosco.<br \/>\nInstru\u00e7\u00f5es de limpeza: n\u00e3o utilizar produtos abrasivos, limpar com flanela ou pano \u00famido e sab\u00e3o neutro.<br \/>\n\u2013 Produto Nacional.<br \/>\n\u2013 Imagens meramente ilustrativas<br \/>\n\u2013 Montagem feita pelo cliente ou entrar em contato por email ou whatsapp para cadeiras montadas.<\/p>\n","protected":false},"excerpt":{"rendered":"<p>Longarina Duna &#8211; 3 Lugares Bases \/ Estruturas: Preta Assento estofado (cor a definir) Sem bra\u00e7os \u2013 O prazo de envio do seu pedido fica em at\u00e9 30 dias corridos ap\u00f3s a confirma\u00e7\u00e3o do pagamento. Pedidos aprovados ap\u00f3s \u00e0s 17:30h, nos finais de semana ou feriados, come\u00e7am a contar o prazo somente no segundo dia [&#8230;]\n","protected":false},"featured_media":9517,"template":"","meta":[],"product_cat":[113],"product_tag":[],"_links":{"self":[{"href":"https:\/\/fortflex.com.br\/loja\/wp-json\/wp\/v2\/product\/9511"}],"collection":[{"href":"https:\/\/fortflex.com.br\/loja\/wp-json\/wp\/v2\/product"}],"about":[{"href":"https:\/\/fortflex.com.br\/loja\/wp-json\/wp\/v2\/types\/product"}],"wp:featuredmedia":[{"embeddable":true,"href":"https:\/\/fortflex.com.br\/loja\/wp-json\/wp\/v2\/media\/9517"}],"wp:attachment":[{"href":"https:\/\/fortflex.com.br\/loja\/wp-json\/wp\/v2\/media?parent=9511"}],"wp:term":[{"taxonomy":"product_cat","embeddable":true,"href":"https:\/\/fortflex.com.br\/loja\/wp-json\/wp\/v2\/product_cat?post=9511"},{"taxonomy":"product_tag","embeddable":true,"href":"https:\/\/fortflex.com.br\/loja\/wp-json\/wp\/v2\/product_tag?post=9511"}],"curies":[{"name":"wp","href":"https:\/\/api.w.org\/{rel}","templated":true}]}}